{"id":70662,"date":"2025-05-13T13:19:14","date_gmt":"2025-05-13T10:19:14","guid":{"rendered":"https:\/\/rockpark.com.tr\/?post_type=product&#038;p=70662"},"modified":"2025-05-13T13:45:29","modified_gmt":"2025-05-13T10:45:29","slug":"vintage-wash-kolsuz-tisort-burzum","status":"publish","type":"product","link":"https:\/\/rockpark.com.tr\/index.php\/urun\/vintage-wash-kolsuz-tisort-burzum\/","title":{"rendered":"V\u0130NTAGE WASH KOLSUZ T\u0130\u015e\u00d6RT BURZUM"},"content":{"rendered":"","protected":false},"excerpt":{"rendered":"","protected":false},"featured_media":70657,"comment_status":"open","ping_status":"closed","template":"","meta":[],"class_list":{"0":"post-70662","1":"product","2":"type-product","3":"status-publish","4":"has-post-thumbnail","6":"product_cat-giyim","7":"product_cat-rock","8":"product_cat-tshirt","10":"first","11":"instock","12":"taxable","13":"shipping-taxable","14":"product-type-simple"},"_links":{"self":[{"href":"https:\/\/rockpark.com.tr\/index.php\/wp-json\/wp\/v2\/product\/70662","targetHints":{"allow":["GET"]}}],"collection":[{"href":"https:\/\/rockpark.com.tr\/index.php\/wp-json\/wp\/v2\/product"}],"about":[{"href":"https:\/\/rockpark.com.tr\/index.php\/wp-json\/wp\/v2\/types\/product"}],"replies":[{"embeddable":true,"href":"https:\/\/rockpark.com.tr\/index.php\/wp-json\/wp\/v2\/comments?post=70662"}],"wp:featuredmedia":[{"embeddable":true,"href":"https:\/\/rockpark.com.tr\/index.php\/wp-json\/wp\/v2\/media\/70657"}],"wp:attachment":[{"href":"https:\/\/rockpark.com.tr\/index.php\/wp-json\/wp\/v2\/media?parent=70662"}],"curies":[{"name":"wp","href":"https:\/\/api.w.org\/{rel}","templated":true}]}}