{"id":70636,"date":"2025-01-11T16:25:00","date_gmt":"2025-01-11T13:25:00","guid":{"rendered":"https:\/\/rockpark.com.tr\/?post_type=product&#038;p=70636"},"modified":"2025-01-11T16:33:35","modified_gmt":"2025-01-11T13:33:35","slug":"fe-lazer-n-blue-88a-80mm-paten-tekerlegi-4-lu-set","status":"publish","type":"product","link":"https:\/\/rockpark.com.tr\/index.php\/urun\/fe-lazer-n-blue-88a-80mm-paten-tekerlegi-4-lu-set\/","title":{"rendered":"FE Lazer N Blue 88A 80mm Paten Tekerle\u011fi 4 l\u00fc Set"},"content":{"rendered":"","protected":false},"excerpt":{"rendered":"<p>FELZBL3XY BLU 80<\/p>\n<p>*** \u00d6NEML\u0130: Fiyat 4 teker fiyat\u0131d\u0131r.<\/p>\n<p>Piyasadaki en h\u0131zl\u0131 ve en parlak \u0131\u015f\u0131\u011fa sahip olan \u0131\u015f\u0131kl\u0131 paten tekerle\u011fi Flying Eagle Lazer Wheelz son tasar\u0131m\u0131yla kar\u015f\u0131n\u0131zda! En y\u00fcksek kalite SHR speed bile\u015fiminden yap\u0131lm\u0131\u015f bu Led inline paten tekerle\u011fi gerek freeskate, gerek Urban, gerekse de Fitness, k\u0131saca t\u00fcm paten kay\u0131\u015flar\u0131n\u0131z i\u00e7in bi\u00e7ilmi\u015f kaftan. Bu tekerlekler, geceleri tekerleklerinizin rengini ortaya \u00e7\u0131kararak ayd\u0131nlan\u0131r ve karanl\u0131kta kayma deneyiminize olanca e\u011flence katar. Son olarak t\u00fcm Flying Eagle koleksiyonu gibi harika, benzersiz bir Performans \/ Fiyat oran\u0131na sahip.<\/p>\n<p>Teknik \u00f6zellikler:<\/p>\n<p>&#8211; Sertlik: 88A.<br \/>\n&#8211; Tekerlek \u00c7ap\u0131: 80 MM<\/p>\n<p>&#8211; Teker rengi ve \u0131\u015f\u0131k rengi: Mavi<\/p>\n<p>Flying Eagle Hakk\u0131nda: Flying Eagle, performans, konfor ve stili bir araya getiren y\u00fcksek kaliteli inline patenleri ve inline paten par\u00e7a ve aksesuarlar\u0131yla tan\u0131nan bir markad\u0131r. Son derece geni\u015f ve s\u00fcrekli yenilenen bir profesyonel paten koleksiyonu vard\u0131r. Kendine \u00f6zg\u00fc \u00fcretim ve da\u011f\u0131t\u0131m s\u00fcre\u00e7leri sayesinde yenilik\u00e7i tasar\u0131mlar\u0131, en \u00fcst d\u00fczey malzeme kullan\u0131m\u0131 ve rekabet\u00e7i fiyatlar ile bir araya getirerek t\u00fcm d\u00fcnyada paten severlerin favori markas\u0131 haline gelmi\u015ftir. Flying Eagle\u2019\u0131n mottosu ile bitirelim, \u201cRolling with Wings\u201d \u2013 Kanatlanarak, u\u00e7arcas\u0131na paten kayaca\u011f\u0131n\u0131z nice g\u00fczel g\u00fcnlere!<\/p>\n","protected":false},"featured_media":70633,"comment_status":"open","ping_status":"closed","template":"","meta":[],"class_list":{"0":"post-70636","1":"product","2":"type-product","3":"status-publish","4":"has-post-thumbnail","6":"product_cat-paten","7":"product_cat-tekerlek","9":"first","10":"instock","11":"taxable","12":"shipping-taxable","13":"product-type-simple"},"_links":{"self":[{"href":"https:\/\/rockpark.com.tr\/index.php\/wp-json\/wp\/v2\/product\/70636","targetHints":{"allow":["GET"]}}],"collection":[{"href":"https:\/\/rockpark.com.tr\/index.php\/wp-json\/wp\/v2\/product"}],"about":[{"href":"https:\/\/rockpark.com.tr\/index.php\/wp-json\/wp\/v2\/types\/product"}],"replies":[{"embeddable":true,"href":"https:\/\/rockpark.com.tr\/index.php\/wp-json\/wp\/v2\/comments?post=70636"}],"wp:featuredmedia":[{"embeddable":true,"href":"https:\/\/rockpark.com.tr\/index.php\/wp-json\/wp\/v2\/media\/70633"}],"wp:attachment":[{"href":"https:\/\/rockpark.com.tr\/index.php\/wp-json\/wp\/v2\/media?parent=70636"}],"curies":[{"name":"wp","href":"https:\/\/api.w.org\/{rel}","templated":true}]}}