{"id":70506,"date":"2024-04-19T11:56:48","date_gmt":"2024-04-19T08:56:48","guid":{"rendered":"https:\/\/rockpark.com.tr\/?post_type=product&#038;p=70506"},"modified":"2024-04-19T12:00:16","modified_gmt":"2024-04-19T09:00:16","slug":"ozel-tasarim-iron-maiden-tisort","status":"publish","type":"product","link":"https:\/\/rockpark.com.tr\/index.php\/urun\/ozel-tasarim-iron-maiden-tisort\/","title":{"rendered":"\u00d6zel Tasar\u0131m IRON MAIDEN ti\u015f\u00f6rt"},"content":{"rendered":"","protected":false},"excerpt":{"rendered":"<p><a href=\"https:\/\/rockpark.com.tr\/wp-content\/uploads\/All-Overironmaidensirt.jpg\"><img loading=\"lazy\" decoding=\"async\" width=\"300\" height=\"300\" class=\"alignnone size-medium wp-image-70510\" src=\"https:\/\/rockpark.com.tr\/wp-content\/uploads\/All-Overironmaidensirt-300x300.jpg\" alt=\"\" srcset=\"https:\/\/rockpark.com.tr\/wp-content\/uploads\/All-Overironmaidensirt-150x150@2x.jpg 300w, https:\/\/rockpark.com.tr\/wp-content\/uploads\/All-Overironmaidensirt-500x500.jpg 500w, https:\/\/rockpark.com.tr\/wp-content\/uploads\/All-Overironmaidensirt-1024x1024.jpg 1024w, https:\/\/rockpark.com.tr\/wp-content\/uploads\/All-Overironmaidensirt-150x150.jpg 150w, https:\/\/rockpark.com.tr\/wp-content\/uploads\/All-Overironmaidensirt.jpg 1500w, https:\/\/rockpark.com.tr\/wp-content\/uploads\/All-Overironmaidensirt-300x300@2x.jpg 600w, https:\/\/rockpark.com.tr\/wp-content\/uploads\/All-Overironmaidensirt-500x500@2x.jpg 1000w\" sizes=\"auto, (max-width: 300px) 100vw, 300px\" \/><\/a><\/p>\n","protected":false},"featured_media":70509,"comment_status":"open","ping_status":"closed","template":"","meta":[],"class_list":{"0":"post-70506","1":"product","2":"type-product","3":"status-publish","4":"has-post-thumbnail","6":"product_cat-giyim","7":"product_cat-rock","8":"product_cat-tshirt","10":"first","11":"instock","12":"taxable","13":"shipping-taxable","14":"product-type-simple"},"_links":{"self":[{"href":"https:\/\/rockpark.com.tr\/index.php\/wp-json\/wp\/v2\/product\/70506","targetHints":{"allow":["GET"]}}],"collection":[{"href":"https:\/\/rockpark.com.tr\/index.php\/wp-json\/wp\/v2\/product"}],"about":[{"href":"https:\/\/rockpark.com.tr\/index.php\/wp-json\/wp\/v2\/types\/product"}],"replies":[{"embeddable":true,"href":"https:\/\/rockpark.com.tr\/index.php\/wp-json\/wp\/v2\/comments?post=70506"}],"wp:featuredmedia":[{"embeddable":true,"href":"https:\/\/rockpark.com.tr\/index.php\/wp-json\/wp\/v2\/media\/70509"}],"wp:attachment":[{"href":"https:\/\/rockpark.com.tr\/index.php\/wp-json\/wp\/v2\/media?parent=70506"}],"curies":[{"name":"wp","href":"https:\/\/api.w.org\/{rel}","templated":true}]}}