{"id":70441,"date":"2023-06-07T12:33:32","date_gmt":"2023-06-07T09:33:32","guid":{"rendered":"https:\/\/rockpark.com.tr\/?post_type=product&#038;p=70441"},"modified":"2023-06-07T12:34:14","modified_gmt":"2023-06-07T09:34:14","slug":"korn-tisort","status":"publish","type":"product","link":"https:\/\/rockpark.com.tr\/index.php\/urun\/korn-tisort\/","title":{"rendered":"KORN T\u0130\u015e\u00d6RT"},"content":{"rendered":"","protected":false},"excerpt":{"rendered":"<p><a href=\"https:\/\/rockpark.com.tr\/wp-content\/uploads\/korn1.jpg\"><img loading=\"lazy\" decoding=\"async\" width=\"300\" height=\"264\" class=\"alignnone size-medium wp-image-70443\" src=\"https:\/\/rockpark.com.tr\/wp-content\/uploads\/korn1-300x264.jpg\" alt=\"\" srcset=\"https:\/\/rockpark.com.tr\/wp-content\/uploads\/korn1-300x264.jpg 300w, https:\/\/rockpark.com.tr\/wp-content\/uploads\/korn1-500x439.jpg 500w, https:\/\/rockpark.com.tr\/wp-content\/uploads\/korn1-1024x900.jpg 1024w, https:\/\/rockpark.com.tr\/wp-content\/uploads\/korn1-1536x1350.jpg 1536w, https:\/\/rockpark.com.tr\/wp-content\/uploads\/korn1-1024x900@2x.jpg 2048w, https:\/\/rockpark.com.tr\/wp-content\/uploads\/korn1-300x264@2x.jpg 600w, https:\/\/rockpark.com.tr\/wp-content\/uploads\/korn1-500x439@2x.jpg 1000w\" sizes=\"auto, (max-width: 300px) 100vw, 300px\" \/><\/a><\/p>\n","protected":false},"featured_media":70442,"comment_status":"open","ping_status":"closed","template":"","meta":[],"class_list":{"0":"post-70441","1":"product","2":"type-product","3":"status-publish","4":"has-post-thumbnail","6":"product_cat-giyim","7":"product_cat-rock","8":"product_cat-tshirt","10":"first","11":"instock","12":"taxable","13":"shipping-taxable","14":"product-type-simple"},"_links":{"self":[{"href":"https:\/\/rockpark.com.tr\/index.php\/wp-json\/wp\/v2\/product\/70441","targetHints":{"allow":["GET"]}}],"collection":[{"href":"https:\/\/rockpark.com.tr\/index.php\/wp-json\/wp\/v2\/product"}],"about":[{"href":"https:\/\/rockpark.com.tr\/index.php\/wp-json\/wp\/v2\/types\/product"}],"replies":[{"embeddable":true,"href":"https:\/\/rockpark.com.tr\/index.php\/wp-json\/wp\/v2\/comments?post=70441"}],"wp:featuredmedia":[{"embeddable":true,"href":"https:\/\/rockpark.com.tr\/index.php\/wp-json\/wp\/v2\/media\/70442"}],"wp:attachment":[{"href":"https:\/\/rockpark.com.tr\/index.php\/wp-json\/wp\/v2\/media?parent=70441"}],"curies":[{"name":"wp","href":"https:\/\/api.w.org\/{rel}","templated":true}]}}