{"id":70259,"date":"2022-03-24T11:46:55","date_gmt":"2022-03-24T08:46:55","guid":{"rendered":"https:\/\/rockpark.com.tr\/?post_type=product&#038;p=70259"},"modified":"2022-06-16T20:24:54","modified_gmt":"2022-06-16T17:24:54","slug":"pow-supply-co-825-face-t-fade-complete-kaykay","status":"publish","type":"product","link":"https:\/\/rockpark.com.tr\/index.php\/urun\/pow-supply-co-825-face-t-fade-complete-kaykay\/","title":{"rendered":"Pow Supply Co 8,25 Face T Fade Complete Kaykay"},"content":{"rendered":"","protected":false},"excerpt":{"rendered":"<p>Pow Supply Co 8.25 Face T Fade Complete Kaykay<\/p>\n<p>Sticker seti hediyelidir! (Dijital bask\u0131l\u0131, suya ve y\u0131pranmaya kar\u015f\u0131 dayan\u0131kl\u0131, kanserojen madde i\u00e7ermeyen, premium 4&#8217;l\u00fc sticker seti)<\/p>\n<p>Geni\u015flik: 8.25&#8243;<br \/>\nUzunluk: 31.75&#8243;<br \/>\nKonstr\u00fcksiyon: 7 Ply Hard Rock Maple (7 katmanl\u0131 Ak\u00e7a\u011fa\u00e7&#8217;tan yap\u0131lm\u0131\u015ft\u0131r)<br \/>\nRulman: Abec 7 Rulman<br \/>\nDingil (Truck): 144mm Pow Gla Truck<br \/>\nTekerlek: 53mm, 101A sertlik, Pow Tex Tekerlek (Pow Supply Co bask\u0131l\u0131)<\/p>\n<p>Pow Supply Co. hakk\u0131nda: A&#8217;dan Z&#8217;ye, t\u00fcm bile\u015fenlerinde en \u00fcst d\u00fczey kaliteyi sunan tam bir Pro kaykay markas\u0131d\u0131r. Her seviye i\u00e7in uygundur. E\u015fsiz bir kaliteyi harika bir fiyatla takdim eder. Tasar\u0131mlar\u0131 ise \u00e7arp\u0131c\u0131d\u0131r. Kaykay d\u00fcnyas\u0131n\u0131n kendine \u00f6zg\u00fc enerjisini, ilham\u0131n\u0131 sokaklardan alan \u00f6zg\u00fcn ve yarat\u0131c\u0131 fikirlerle bulu\u015fturan tasar\u0131mlard\u0131r. Pow Supply Co. complete kaykay koleksiyonu bu sezon &#8216;Faces&#8217; &#8216;Plant&#8217; ve &#8216;Grafic&#8217; klasiklerinden olu\u015fuyor.<\/p>\n","protected":false},"featured_media":70275,"comment_status":"open","ping_status":"closed","template":"","meta":[],"class_list":{"0":"post-70259","1":"product","2":"type-product","3":"status-publish","4":"has-post-thumbnail","6":"product_cat-complete-kaykay","7":"product_cat-deck","8":"product_cat-kaykay","10":"first","11":"instock","12":"taxable","13":"shipping-taxable","14":"product-type-simple"},"_links":{"self":[{"href":"https:\/\/rockpark.com.tr\/index.php\/wp-json\/wp\/v2\/product\/70259","targetHints":{"allow":["GET"]}}],"collection":[{"href":"https:\/\/rockpark.com.tr\/index.php\/wp-json\/wp\/v2\/product"}],"about":[{"href":"https:\/\/rockpark.com.tr\/index.php\/wp-json\/wp\/v2\/types\/product"}],"replies":[{"embeddable":true,"href":"https:\/\/rockpark.com.tr\/index.php\/wp-json\/wp\/v2\/comments?post=70259"}],"wp:featuredmedia":[{"embeddable":true,"href":"https:\/\/rockpark.com.tr\/index.php\/wp-json\/wp\/v2\/media\/70275"}],"wp:attachment":[{"href":"https:\/\/rockpark.com.tr\/index.php\/wp-json\/wp\/v2\/media?parent=70259"}],"curies":[{"name":"wp","href":"https:\/\/api.w.org\/{rel}","templated":true}]}}