{"id":70185,"date":"2022-01-12T18:18:36","date_gmt":"2022-01-12T15:18:36","guid":{"rendered":"https:\/\/rockpark.com.tr\/?post_type=product&#038;p=70185"},"modified":"2022-01-12T18:29:36","modified_gmt":"2022-01-12T15:29:36","slug":"ricta-53mm-wireframe-sparx-99a-kaykay-tekerlegi","status":"publish","type":"product","link":"https:\/\/rockpark.com.tr\/index.php\/urun\/ricta-53mm-wireframe-sparx-99a-kaykay-tekerlegi\/","title":{"rendered":"Ricta 53mm Wireframe Sparx 99a Kaykay Tekerle\u011fi"},"content":{"rendered":"","protected":false},"excerpt":{"rendered":"<p>Ricta 53mm Wireframe Sparx 99A Kaykay Tekerlek seti (4&#8217;l\u00fc)<\/p>\n<p>Tekerlek \u00c7ap\u0131: 53mm<br \/>\nSertlik: 99A<\/p>\n<p>RICTA Kaykay Tekerlekleri, 2002 y\u0131l\u0131nda Kaliforniya\u2019da, d\u00fcnyan\u0131n en k\u00f6kl\u00fc kaykay markalar\u0131ndan SANTA CRUZ taraf\u0131ndan kurulmu\u015ftur. \u0130\u00e7erdi\u011fi \u00f6zel \u201cNRG\u201d Hi-Energy Urethane Formul\u00fc sayesinde sekt\u00f6rdeki en h\u0131zl\u0131 ve kontroll\u00fc s\u00fcr\u00fc\u015f deneyimini sunan kaykay tekerleklerini \u00fcretir. RICTA kaykay tekerlekleri ayn\u0131 zamanda son derece uzun \u00f6m\u00fcrl\u00fcd\u00fcr. Trick sonras\u0131 zemin temas\u0131nda, kar\u015f\u0131 kald\u0131\u011f\u0131 kuvvetlere dayan\u0131m\u0131 son derece y\u00fcksektir. Flat Spotlara kar\u015f\u0131 da son derece diren\u00e7lidir (Flat Spot: Zaman i\u00e7inde tekerleklerde olabilecek erimelerle d\u00fczl\u00fck b\u00f6lgelerin olu\u015fmas\u0131) Son olarak kaykay d\u00fcnyas\u0131n\u0131n S\u00fcperstar\u2019lar\u0131ndan Nyjah Huston da RICTA tak\u0131m\u0131n\u0131n bir par\u00e7as\u0131d\u0131r.<\/p>\n<p>\u0130\u015fte RICTA Kaykay tak\u0131m\u0131: Alexander Risvad, Blake Johnson, Brandon Westgate, Chaz Ortiz, Clive Dixon, David Loy, Douwe Macare, Dylan Williams, Garrett Ginner, Jereme Knibbs, Mark Frolich, Maurio McCoy, Nyjah Huston, Samarria Brevard, Tom Asta, Yoshi Tanenbaum.<\/p>\n","protected":false},"featured_media":70186,"comment_status":"open","ping_status":"closed","template":"","meta":[],"class_list":{"0":"post-70185","1":"product","2":"type-product","3":"status-publish","4":"has-post-thumbnail","6":"product_cat-deck","7":"product_cat-kaykay","8":"product_cat-kaykay-tekerlekleri","9":"product_cat-rulman","10":"product_cat-track","11":"product_cat-vida","12":"product_cat-zimpara","14":"first","15":"instock","16":"taxable","17":"shipping-taxable","18":"product-type-simple"},"_links":{"self":[{"href":"https:\/\/rockpark.com.tr\/index.php\/wp-json\/wp\/v2\/product\/70185","targetHints":{"allow":["GET"]}}],"collection":[{"href":"https:\/\/rockpark.com.tr\/index.php\/wp-json\/wp\/v2\/product"}],"about":[{"href":"https:\/\/rockpark.com.tr\/index.php\/wp-json\/wp\/v2\/types\/product"}],"replies":[{"embeddable":true,"href":"https:\/\/rockpark.com.tr\/index.php\/wp-json\/wp\/v2\/comments?post=70185"}],"wp:featuredmedia":[{"embeddable":true,"href":"https:\/\/rockpark.com.tr\/index.php\/wp-json\/wp\/v2\/media\/70186"}],"wp:attachment":[{"href":"https:\/\/rockpark.com.tr\/index.php\/wp-json\/wp\/v2\/media?parent=70185"}],"curies":[{"name":"wp","href":"https:\/\/api.w.org\/{rel}","templated":true}]}}