{"id":70181,"date":"2022-01-12T18:14:50","date_gmt":"2022-01-12T15:14:50","guid":{"rendered":"https:\/\/rockpark.com.tr\/?post_type=product&#038;p=70181"},"modified":"2022-01-12T18:25:25","modified_gmt":"2022-01-12T15:25:25","slug":"pow-8-25-plant-iii-complete-kaykay","status":"publish","type":"product","link":"https:\/\/rockpark.com.tr\/index.php\/urun\/pow-8-25-plant-iii-complete-kaykay\/","title":{"rendered":"Pow 8.25 Plant III Complete Kaykay"},"content":{"rendered":"","protected":false},"excerpt":{"rendered":"<p>Pow 8.25 Plant III Complete Kaykay<\/p>\n<p>Sticker seti hediyelidir! (Dijital bask\u0131l\u0131, suya ve y\u0131pranmaya kar\u015f\u0131 dayan\u0131kl\u0131, kanserojen madde i\u00e7ermeyen, premium 4&#8217;l\u00fc sticker seti)<\/p>\n<p>Geni\u015flik: 8.25&#8243;<br \/>\nUzunluk: 31.75&#8243;<br \/>\nKonstr\u00fcksiyon: 7 Ply Hard Rock Maple (7 katmanl\u0131 Ak\u00e7aa\u011fa\u00e7&#8217;tan yap\u0131lm\u0131\u015ft\u0131r)<br \/>\nAbec 7 Rulman<br \/>\nPow tekerlek &#8211; 52mm 101A sertlik<\/p>\n","protected":false},"featured_media":70184,"comment_status":"open","ping_status":"closed","template":"","meta":[],"class_list":{"0":"post-70181","1":"product","2":"type-product","3":"status-publish","4":"has-post-thumbnail","6":"product_cat-complete-kaykay","7":"product_cat-deck","8":"product_cat-kaykay","9":"product_cat-rulman","10":"product_cat-track","11":"product_cat-vida","12":"product_cat-zimpara","14":"first","15":"instock","16":"taxable","17":"shipping-taxable","18":"product-type-simple"},"_links":{"self":[{"href":"https:\/\/rockpark.com.tr\/index.php\/wp-json\/wp\/v2\/product\/70181","targetHints":{"allow":["GET"]}}],"collection":[{"href":"https:\/\/rockpark.com.tr\/index.php\/wp-json\/wp\/v2\/product"}],"about":[{"href":"https:\/\/rockpark.com.tr\/index.php\/wp-json\/wp\/v2\/types\/product"}],"replies":[{"embeddable":true,"href":"https:\/\/rockpark.com.tr\/index.php\/wp-json\/wp\/v2\/comments?post=70181"}],"wp:featuredmedia":[{"embeddable":true,"href":"https:\/\/rockpark.com.tr\/index.php\/wp-json\/wp\/v2\/media\/70184"}],"wp:attachment":[{"href":"https:\/\/rockpark.com.tr\/index.php\/wp-json\/wp\/v2\/media?parent=70181"}],"curies":[{"name":"wp","href":"https:\/\/api.w.org\/{rel}","templated":true}]}}