{"id":70006,"date":"2021-05-12T12:31:09","date_gmt":"2021-05-12T09:31:09","guid":{"rendered":"http:\/\/rockpark.com.tr\/?post_type=product&#038;p=70006"},"modified":"2022-07-26T16:04:14","modified_gmt":"2022-07-26T13:04:14","slug":"opeth-uzun-sort","status":"publish","type":"product","link":"https:\/\/rockpark.com.tr\/index.php\/urun\/opeth-uzun-sort\/","title":{"rendered":"Opeth Uzun \u015eort"},"content":{"rendered":"<h2><strong>S-M-L BEDEN \u00dc\u00c7 \u0130P PAMUKLU KUMA\u015e D\u0130Z ALTI UZUN \u015eORT.<\/strong><\/h2>\n","protected":false},"excerpt":{"rendered":"<p>S-M-L BEDEN \u00dc\u00c7 \u0130P PAMUKLU KUMA\u015e D\u0130Z ALTI UZUN \u015eORT.<\/p>\n","protected":false},"featured_media":70007,"comment_status":"open","ping_status":"closed","template":"","meta":[],"class_list":{"0":"post-70006","1":"product","2":"type-product","3":"status-publish","4":"has-post-thumbnail","6":"product_cat-giyim","7":"product_cat-sort-pantolon","9":"first","10":"instock","11":"taxable","12":"shipping-taxable","13":"purchasable","14":"product-type-simple"},"_links":{"self":[{"href":"https:\/\/rockpark.com.tr\/index.php\/wp-json\/wp\/v2\/product\/70006","targetHints":{"allow":["GET"]}}],"collection":[{"href":"https:\/\/rockpark.com.tr\/index.php\/wp-json\/wp\/v2\/product"}],"about":[{"href":"https:\/\/rockpark.com.tr\/index.php\/wp-json\/wp\/v2\/types\/product"}],"replies":[{"embeddable":true,"href":"https:\/\/rockpark.com.tr\/index.php\/wp-json\/wp\/v2\/comments?post=70006"}],"wp:featuredmedia":[{"embeddable":true,"href":"https:\/\/rockpark.com.tr\/index.php\/wp-json\/wp\/v2\/media\/70007"}],"wp:attachment":[{"href":"https:\/\/rockpark.com.tr\/index.php\/wp-json\/wp\/v2\/media?parent=70006"}],"curies":[{"name":"wp","href":"https:\/\/api.w.org\/{rel}","templated":true}]}}