{"id":69967,"date":"2021-05-11T12:39:39","date_gmt":"2021-05-11T09:39:39","guid":{"rendered":"http:\/\/rockpark.com.tr\/?post_type=product&#038;p=69967"},"modified":"2022-07-26T16:04:36","modified_gmt":"2022-07-26T13:04:36","slug":"testament-kisa-sort","status":"publish","type":"product","link":"https:\/\/rockpark.com.tr\/index.php\/urun\/testament-kisa-sort\/","title":{"rendered":"Testament K\u0131sa \u015eort"},"content":{"rendered":"<p>S-M-L beden \u00fc\u00e7 ip pamuklu kuma\u015f<\/p>\n","protected":false},"excerpt":{"rendered":"<p>S-M-L beden \u00fc\u00e7 ip pamuklu kuma\u015f<\/p>\n","protected":false},"featured_media":69968,"comment_status":"open","ping_status":"closed","template":"","meta":[],"class_list":{"0":"post-69967","1":"product","2":"type-product","3":"status-publish","4":"has-post-thumbnail","6":"product_cat-giyim","7":"product_cat-sort-pantolon","9":"first","10":"instock","11":"taxable","12":"shipping-taxable","13":"purchasable","14":"product-type-simple"},"_links":{"self":[{"href":"https:\/\/rockpark.com.tr\/index.php\/wp-json\/wp\/v2\/product\/69967","targetHints":{"allow":["GET"]}}],"collection":[{"href":"https:\/\/rockpark.com.tr\/index.php\/wp-json\/wp\/v2\/product"}],"about":[{"href":"https:\/\/rockpark.com.tr\/index.php\/wp-json\/wp\/v2\/types\/product"}],"replies":[{"embeddable":true,"href":"https:\/\/rockpark.com.tr\/index.php\/wp-json\/wp\/v2\/comments?post=69967"}],"wp:featuredmedia":[{"embeddable":true,"href":"https:\/\/rockpark.com.tr\/index.php\/wp-json\/wp\/v2\/media\/69968"}],"wp:attachment":[{"href":"https:\/\/rockpark.com.tr\/index.php\/wp-json\/wp\/v2\/media?parent=69967"}],"curies":[{"name":"wp","href":"https:\/\/api.w.org\/{rel}","templated":true}]}}