{"id":69953,"date":"2021-04-28T17:23:38","date_gmt":"2021-04-28T14:23:38","guid":{"rendered":"http:\/\/rockpark.com.tr\/?post_type=product&#038;p=69953"},"modified":"2021-04-28T17:23:38","modified_gmt":"2021-04-28T14:23:38","slug":"plan-b-80-team-night-moves-complete-kaykay","status":"publish","type":"product","link":"https:\/\/rockpark.com.tr\/index.php\/urun\/plan-b-80-team-night-moves-complete-kaykay\/","title":{"rendered":"Plan B 8,0 Team Night Moves Complete Kaykay"},"content":{"rendered":"<p>Plan B 8,0 Team Night Moves Complete Kaykay<\/p>\n<p>* Sticker seti hediyelidir!<\/p>\n<p>PLAN B Hakk\u0131nda<\/p>\n<p>Plan B Skateboards 1991 y\u0131l\u0131nda Costa Mesa, Kaliforniya\u2019da Mike Ternasky, Danny Way ve Colin McKay taraf\u0131ndan kuruldu. Manifestosunda, gerek teknoloji ve malzeme kullan\u0131m\u0131 a\u00e7\u0131s\u0131ndan gerekse de bu olu\u015fumun ruhu a\u00e7\u0131s\u0131ndan daha \u00f6nce y\u00fcr\u00fcnmemi\u015f bir yolda y\u00fcr\u00fcmek yer al\u0131r. Plan B kaykay tahtalar\u0131 ekstra dayan\u0131kl\u0131l\u0131k form\u00fcl\u00fc ile uzun \u00f6m\u00fcrl\u00fcd\u00fcr. Ayr\u0131ca Plan B tahtalarda di\u011fer tahtalara k\u0131yasla biraz daha az flex tercih edilir. Plan B kaykaylar\u0131n\u0131n g\u00fcn\u00fcm\u00fczde Ryan Sheckler, Felipe Gustavo ve Chris Cole gibi dev isimlerden olu\u015fan r\u00fcya gibi bir tak\u0131m\u0131 vard\u0131r. \u0130\u015fte Plan B kaykay tak\u0131m\u0131, tam kadro: Ryan Sheckler, Felipe Gustavo, Chris Joslin, Trevor McClung, Danny Way, Colin McKay, PJ Ladd, Pat Duffy, Sean Sheffey, Tommy Fynn, Aurelien Giraud, Alex Sorgente.<\/p>\n","protected":false},"excerpt":{"rendered":"<p>Plan B 8,0 Team Night Moves Complete Kaykay * Sticker seti hediyelidir! PLAN B Hakk\u0131nda Plan B Skateboards 1991 y\u0131l\u0131nda Costa Mesa, Kaliforniya\u2019da Mike Ternasky, Danny Way ve Colin McKay taraf\u0131ndan kuruldu. Manifestosunda, gerek teknoloji ve malzeme kullan\u0131m\u0131 a\u00e7\u0131s\u0131ndan gerekse de bu olu\u015fumun ruhu a\u00e7\u0131s\u0131ndan daha \u00f6nce y\u00fcr\u00fcnmemi\u015f bir yolda y\u00fcr\u00fcmek yer al\u0131r. Plan B&hellip;<\/p>\n","protected":false},"featured_media":69954,"comment_status":"open","ping_status":"closed","template":"","meta":[],"class_list":{"0":"post-69953","1":"product","2":"type-product","3":"status-publish","4":"has-post-thumbnail","6":"product_cat-deck","7":"product_cat-kaykay","8":"product_cat-rulman","9":"product_cat-track","10":"product_cat-vida","11":"product_cat-zimpara","13":"first","14":"instock","15":"taxable","16":"shipping-taxable","17":"product-type-simple"},"_links":{"self":[{"href":"https:\/\/rockpark.com.tr\/index.php\/wp-json\/wp\/v2\/product\/69953","targetHints":{"allow":["GET"]}}],"collection":[{"href":"https:\/\/rockpark.com.tr\/index.php\/wp-json\/wp\/v2\/product"}],"about":[{"href":"https:\/\/rockpark.com.tr\/index.php\/wp-json\/wp\/v2\/types\/product"}],"replies":[{"embeddable":true,"href":"https:\/\/rockpark.com.tr\/index.php\/wp-json\/wp\/v2\/comments?post=69953"}],"wp:featuredmedia":[{"embeddable":true,"href":"https:\/\/rockpark.com.tr\/index.php\/wp-json\/wp\/v2\/media\/69954"}],"wp:attachment":[{"href":"https:\/\/rockpark.com.tr\/index.php\/wp-json\/wp\/v2\/media?parent=69953"}],"curies":[{"name":"wp","href":"https:\/\/api.w.org\/{rel}","templated":true}]}}