{"id":69951,"date":"2021-04-20T11:58:56","date_gmt":"2021-04-20T08:58:56","guid":{"rendered":"http:\/\/rockpark.com.tr\/?post_type=product&#038;p=69951"},"modified":"2021-04-20T11:58:56","modified_gmt":"2021-04-20T08:58:56","slug":"flip-80-odyssey-logo-black-complete-kaykay","status":"publish","type":"product","link":"https:\/\/rockpark.com.tr\/index.php\/urun\/flip-80-odyssey-logo-black-complete-kaykay\/","title":{"rendered":"Flip 8,0 Odyssey Logo Black Complete Kaykay"},"content":{"rendered":"<p>Flip 8.0 Odyssey Logo Blk Complete Kaykay<br \/>\n* Sticker seti hediyelidir! (Dijital bask\u0131l\u0131, suya ve y\u0131pranmaya kar\u015f\u0131 dayan\u0131kl\u0131, kanserojen madde i\u00e7ermeyen, premium 4&#8217;l\u00fc sticker seti)<\/p>\n<p><u>FLIP Skateboards Hakk\u0131nda<\/u><br \/>\nKaliforniya, Huntington Beach\u2019te do\u011fmu\u015f bir markad\u0131r. Jeremy Fox ve profesyonel kaykayc\u0131 Geoff Rowley taraf\u0131ndan 1991 y\u0131l\u0131nda kurulmu\u015ftur. Kaykay d\u00fcnyas\u0131n\u0131n en k\u00f6kl\u00fc markalar\u0131ndan biridir. Flip tak\u0131m\u0131 Tom Penny, David Gonzales, Luan Oliveira, Bob Burnquist, Rune Glifberg, Arto Saari ve Matt Berger gibi muhte\u015fem isimlerden olu\u015fmaktad\u0131r.<\/p>\n","protected":false},"excerpt":{"rendered":"<p>Flip 8.0 Odyssey Logo Blk Complete Kaykay * Sticker seti hediyelidir! (Dijital bask\u0131l\u0131, suya ve y\u0131pranmaya kar\u015f\u0131 dayan\u0131kl\u0131, kanserojen madde i\u00e7ermeyen, premium 4&#8217;l\u00fc sticker seti) FLIP Skateboards Hakk\u0131nda Kaliforniya, Huntington Beach\u2019te do\u011fmu\u015f bir markad\u0131r. Jeremy Fox ve profesyonel kaykayc\u0131 Geoff Rowley taraf\u0131ndan 1991 y\u0131l\u0131nda kurulmu\u015ftur. Kaykay d\u00fcnyas\u0131n\u0131n en k\u00f6kl\u00fc markalar\u0131ndan biridir. Flip tak\u0131m\u0131 Tom Penny,&hellip;<\/p>\n","protected":false},"featured_media":69944,"comment_status":"open","ping_status":"closed","template":"","meta":[],"class_list":{"0":"post-69951","1":"product","2":"type-product","3":"status-publish","4":"has-post-thumbnail","6":"product_cat-deck","7":"product_cat-kaykay","8":"product_cat-rulman","9":"product_cat-track","10":"product_cat-vida","11":"product_cat-zimpara","13":"first","14":"instock","15":"taxable","16":"shipping-taxable","17":"product-type-simple"},"_links":{"self":[{"href":"https:\/\/rockpark.com.tr\/index.php\/wp-json\/wp\/v2\/product\/69951","targetHints":{"allow":["GET"]}}],"collection":[{"href":"https:\/\/rockpark.com.tr\/index.php\/wp-json\/wp\/v2\/product"}],"about":[{"href":"https:\/\/rockpark.com.tr\/index.php\/wp-json\/wp\/v2\/types\/product"}],"replies":[{"embeddable":true,"href":"https:\/\/rockpark.com.tr\/index.php\/wp-json\/wp\/v2\/comments?post=69951"}],"wp:featuredmedia":[{"embeddable":true,"href":"https:\/\/rockpark.com.tr\/index.php\/wp-json\/wp\/v2\/media\/69944"}],"wp:attachment":[{"href":"https:\/\/rockpark.com.tr\/index.php\/wp-json\/wp\/v2\/media?parent=69951"}],"curies":[{"name":"wp","href":"https:\/\/api.w.org\/{rel}","templated":true}]}}