{"id":69950,"date":"2021-04-20T11:52:06","date_gmt":"2021-04-20T08:52:06","guid":{"rendered":"http:\/\/rockpark.com.tr\/?post_type=product&#038;p=69950"},"modified":"2021-04-20T11:52:06","modified_gmt":"2021-04-20T08:52:06","slug":"independent-144-stg-11-hol-sl-ano-pr-kaykay-truck","status":"publish","type":"product","link":"https:\/\/rockpark.com.tr\/index.php\/urun\/independent-144-stg-11-hol-sl-ano-pr-kaykay-truck\/","title":{"rendered":"Independent 144 Stg 11 Hol Sl Ano Pr Kaykay Truck"},"content":{"rendered":"<p>Fiyat \u00e7ift Truck fiyat\u0131d\u0131r.<\/p>\n<p>Independent 144 Stage 11 Hol Sl Ano Pr Polished Kaykay Truck<\/p>\n<p>INDEPENDENT efsanesi Santa Cruz, Kaliforniya\u2019da, 1978 y\u0131l\u0131nda do\u011fmu\u015ftur. K\u0131saca \u201cIndy\u201d olarak ta bilinir. Independent truck\u2019lar (dingiller) hafif ve uzun \u00f6m\u00fcrl\u00fc olmas\u0131yla me\u015fhurdur. Independent truck\u2019lar\u0131n \u00fcretimi d\u00fcnyan\u0131n sadece skateboard truck \u00fcretimi yapan tek fabrikas\u0131 olan San Fransisco\u2019da Ermico Enterprises\u2019ta yap\u0131lmaktad\u0131r. D\u00fcnyan\u0131n en iyi pro skater\u2019lar\u0131n\u0131n neredeyse tamam\u0131 Independent Truck kullanmaktad\u0131r.<\/p>\n","protected":false},"excerpt":{"rendered":"<p>Fiyat \u00e7ift Truck fiyat\u0131d\u0131r. Independent 144 Stage 11 Hol Sl Ano Pr Polished Kaykay Truck INDEPENDENT efsanesi Santa Cruz, Kaliforniya\u2019da, 1978 y\u0131l\u0131nda do\u011fmu\u015ftur. K\u0131saca \u201cIndy\u201d olarak ta bilinir. Independent truck\u2019lar (dingiller) hafif ve uzun \u00f6m\u00fcrl\u00fc olmas\u0131yla me\u015fhurdur. Independent truck\u2019lar\u0131n \u00fcretimi d\u00fcnyan\u0131n sadece skateboard truck \u00fcretimi yapan tek fabrikas\u0131 olan San Fransisco\u2019da Ermico Enterprises\u2019ta yap\u0131lmaktad\u0131r. D\u00fcnyan\u0131n&hellip;<\/p>\n","protected":false},"featured_media":69948,"comment_status":"open","ping_status":"closed","template":"","meta":[],"class_list":{"0":"post-69950","1":"product","2":"type-product","3":"status-publish","4":"has-post-thumbnail","6":"product_cat-kaykay","7":"product_cat-track","9":"first","10":"instock","11":"taxable","12":"shipping-taxable","13":"product-type-simple"},"_links":{"self":[{"href":"https:\/\/rockpark.com.tr\/index.php\/wp-json\/wp\/v2\/product\/69950","targetHints":{"allow":["GET"]}}],"collection":[{"href":"https:\/\/rockpark.com.tr\/index.php\/wp-json\/wp\/v2\/product"}],"about":[{"href":"https:\/\/rockpark.com.tr\/index.php\/wp-json\/wp\/v2\/types\/product"}],"replies":[{"embeddable":true,"href":"https:\/\/rockpark.com.tr\/index.php\/wp-json\/wp\/v2\/comments?post=69950"}],"wp:featuredmedia":[{"embeddable":true,"href":"https:\/\/rockpark.com.tr\/index.php\/wp-json\/wp\/v2\/media\/69948"}],"wp:attachment":[{"href":"https:\/\/rockpark.com.tr\/index.php\/wp-json\/wp\/v2\/media?parent=69950"}],"curies":[{"name":"wp","href":"https:\/\/api.w.org\/{rel}","templated":true}]}}