{"id":69933,"date":"2021-03-18T12:24:05","date_gmt":"2021-03-18T09:24:05","guid":{"rendered":"http:\/\/rockpark.com.tr\/?post_type=product&#038;p=69933"},"modified":"2021-10-15T18:25:25","modified_gmt":"2021-10-15T15:25:25","slug":"fe-slider-red-90a-80mm-paten-tekerlegi-4-lu-set","status":"publish","type":"product","link":"https:\/\/rockpark.com.tr\/index.php\/urun\/fe-slider-red-90a-80mm-paten-tekerlegi-4-lu-set\/","title":{"rendered":"FE Slider Red 90A 80mm Paten Tekerle\u011fi 4 l\u00fc Set"},"content":{"rendered":"<p>*** \u00d6NEML\u0130: Fiyat 4 teker fiyat\u0131d\u0131r.<\/p>\n<p>Flying Eagle Slider Red 90A 80mm Paten Tekerle\u011fi (4&#8217;l\u00fc set)<\/p>\n<p>Uzun \u00f6m\u00fcrl\u00fc, slide\u2019larda harika bir kontrol hissiyat\u0131 ya\u015fatan bir paten tekerle\u011fi. T\u00fcm Flying Eagle koleksiyonu gibi harika, benzersiz bir Performans \/ Fiyat oran\u0131na sahip.<\/p>\n<p>\u00c7ap: 80mm<br \/>\nSertlik: 90A<\/p>\n","protected":false},"excerpt":{"rendered":"<p>*** \u00d6NEML\u0130: Fiyat 4 teker fiyat\u0131d\u0131r. Flying Eagle Slider Red 90A 80mm Paten Tekerle\u011fi (4&#8217;l\u00fc set) Uzun \u00f6m\u00fcrl\u00fc, slide\u2019larda harika bir kontrol hissiyat\u0131 ya\u015fatan bir paten tekerle\u011fi. T\u00fcm Flying Eagle koleksiyonu gibi harika, benzersiz bir Performans \/ Fiyat oran\u0131na sahip. \u00c7ap: 80mm Sertlik: 90A<\/p>\n","protected":false},"featured_media":69938,"comment_status":"open","ping_status":"closed","template":"","meta":[],"class_list":{"0":"post-69933","1":"product","2":"type-product","3":"status-publish","4":"has-post-thumbnail","6":"product_cat-paten","8":"first","9":"instock","10":"taxable","11":"shipping-taxable","12":"product-type-simple"},"_links":{"self":[{"href":"https:\/\/rockpark.com.tr\/index.php\/wp-json\/wp\/v2\/product\/69933","targetHints":{"allow":["GET"]}}],"collection":[{"href":"https:\/\/rockpark.com.tr\/index.php\/wp-json\/wp\/v2\/product"}],"about":[{"href":"https:\/\/rockpark.com.tr\/index.php\/wp-json\/wp\/v2\/types\/product"}],"replies":[{"embeddable":true,"href":"https:\/\/rockpark.com.tr\/index.php\/wp-json\/wp\/v2\/comments?post=69933"}],"wp:featuredmedia":[{"embeddable":true,"href":"https:\/\/rockpark.com.tr\/index.php\/wp-json\/wp\/v2\/media\/69938"}],"wp:attachment":[{"href":"https:\/\/rockpark.com.tr\/index.php\/wp-json\/wp\/v2\/media?parent=69933"}],"curies":[{"name":"wp","href":"https:\/\/api.w.org\/{rel}","templated":true}]}}