{"id":69826,"date":"2020-11-30T17:49:12","date_gmt":"2020-11-30T14:49:12","guid":{"rendered":"http:\/\/rockpark.com.tr\/?post_type=product&#038;p=69826"},"modified":"2022-06-16T20:25:14","modified_gmt":"2022-06-16T17:25:14","slug":"pow-kaykay-zimparasi","status":"publish","type":"product","link":"https:\/\/rockpark.com.tr\/index.php\/urun\/pow-kaykay-zimparasi\/","title":{"rendered":"Pow  Kaykay Z\u0131mparas\u0131"},"content":{"rendered":"<p>Pow 9 in 33 in Black Kaykay Z\u0131mpara<\/p>\n","protected":false},"excerpt":{"rendered":"<p>Pow 9 in 33 in Black Kaykay Z\u0131mpara<\/p>\n","protected":false},"featured_media":69827,"comment_status":"open","ping_status":"closed","template":"","meta":[],"class_list":{"0":"post-69826","1":"product","2":"type-product","3":"status-publish","4":"has-post-thumbnail","6":"product_cat-kaykay","7":"product_cat-zimpara","9":"first","10":"instock","11":"taxable","12":"shipping-taxable","13":"product-type-simple"},"_links":{"self":[{"href":"https:\/\/rockpark.com.tr\/index.php\/wp-json\/wp\/v2\/product\/69826","targetHints":{"allow":["GET"]}}],"collection":[{"href":"https:\/\/rockpark.com.tr\/index.php\/wp-json\/wp\/v2\/product"}],"about":[{"href":"https:\/\/rockpark.com.tr\/index.php\/wp-json\/wp\/v2\/types\/product"}],"replies":[{"embeddable":true,"href":"https:\/\/rockpark.com.tr\/index.php\/wp-json\/wp\/v2\/comments?post=69826"}],"wp:featuredmedia":[{"embeddable":true,"href":"https:\/\/rockpark.com.tr\/index.php\/wp-json\/wp\/v2\/media\/69827"}],"wp:attachment":[{"href":"https:\/\/rockpark.com.tr\/index.php\/wp-json\/wp\/v2\/media?parent=69826"}],"curies":[{"name":"wp","href":"https:\/\/api.w.org\/{rel}","templated":true}]}}