{"id":69806,"date":"2020-11-05T14:25:19","date_gmt":"2020-11-05T11:25:19","guid":{"rendered":"http:\/\/rockpark.com.tr\/?post_type=product&#038;p=69806"},"modified":"2022-06-16T20:25:25","modified_gmt":"2022-06-16T17:25:25","slug":"abec-7-rulman-8-adet","status":"publish","type":"product","link":"https:\/\/rockpark.com.tr\/index.php\/urun\/abec-7-rulman-8-adet\/","title":{"rendered":"Abec 7 Rulman 8 Adet"},"content":{"rendered":"<p>Abec 7 performans\u0131. T\u00fcm kay kay ve paten tekerleklerine uygun, \u00fcst\u00fcn performans.<\/p>\n","protected":false},"excerpt":{"rendered":"<p>Abec 7 performans\u0131. T\u00fcm kay kay ve paten tekerleklerine uygun, \u00fcst\u00fcn performans.<\/p>\n","protected":false},"featured_media":69813,"comment_status":"open","ping_status":"closed","template":"","meta":[],"class_list":{"0":"post-69806","1":"product","2":"type-product","3":"status-publish","4":"has-post-thumbnail","6":"product_cat-kaykay","7":"product_cat-paten","8":"product_cat-rulman","10":"first","11":"instock","12":"taxable","13":"shipping-taxable","14":"product-type-simple"},"_links":{"self":[{"href":"https:\/\/rockpark.com.tr\/index.php\/wp-json\/wp\/v2\/product\/69806","targetHints":{"allow":["GET"]}}],"collection":[{"href":"https:\/\/rockpark.com.tr\/index.php\/wp-json\/wp\/v2\/product"}],"about":[{"href":"https:\/\/rockpark.com.tr\/index.php\/wp-json\/wp\/v2\/types\/product"}],"replies":[{"embeddable":true,"href":"https:\/\/rockpark.com.tr\/index.php\/wp-json\/wp\/v2\/comments?post=69806"}],"wp:featuredmedia":[{"embeddable":true,"href":"https:\/\/rockpark.com.tr\/index.php\/wp-json\/wp\/v2\/media\/69813"}],"wp:attachment":[{"href":"https:\/\/rockpark.com.tr\/index.php\/wp-json\/wp\/v2\/media?parent=69806"}],"curies":[{"name":"wp","href":"https:\/\/api.w.org\/{rel}","templated":true}]}}