{"id":69773,"date":"2020-07-15T14:00:35","date_gmt":"2020-07-15T11:00:35","guid":{"rendered":"http:\/\/rockpark.com.tr\/?post_type=product&#038;p=69773"},"modified":"2022-07-26T16:04:24","modified_gmt":"2022-07-26T13:04:24","slug":"red-hot-chili-peppers-tisort","status":"publish","type":"product","link":"https:\/\/rockpark.com.tr\/index.php\/urun\/red-hot-chili-peppers-tisort\/","title":{"rendered":"Red Hot Chili Peppers Ti\u015f\u00f6rt"},"content":{"rendered":"<p>s-m-l-xl beden,pamuklu,normal kesim kal\u0131p<\/p>\n","protected":false},"excerpt":{"rendered":"<p>s-m-l-xl beden,pamuklu,normal kesim kal\u0131p<\/p>\n","protected":false},"featured_media":69775,"comment_status":"open","ping_status":"closed","template":"","meta":[],"class_list":{"0":"post-69773","1":"product","2":"type-product","3":"status-publish","4":"has-post-thumbnail","6":"product_cat-rock","7":"product_cat-tshirt","9":"first","10":"instock","11":"taxable","12":"shipping-taxable","13":"purchasable","14":"product-type-simple"},"_links":{"self":[{"href":"https:\/\/rockpark.com.tr\/index.php\/wp-json\/wp\/v2\/product\/69773","targetHints":{"allow":["GET"]}}],"collection":[{"href":"https:\/\/rockpark.com.tr\/index.php\/wp-json\/wp\/v2\/product"}],"about":[{"href":"https:\/\/rockpark.com.tr\/index.php\/wp-json\/wp\/v2\/types\/product"}],"replies":[{"embeddable":true,"href":"https:\/\/rockpark.com.tr\/index.php\/wp-json\/wp\/v2\/comments?post=69773"}],"wp:featuredmedia":[{"embeddable":true,"href":"https:\/\/rockpark.com.tr\/index.php\/wp-json\/wp\/v2\/media\/69775"}],"wp:attachment":[{"href":"https:\/\/rockpark.com.tr\/index.php\/wp-json\/wp\/v2\/media?parent=69773"}],"curies":[{"name":"wp","href":"https:\/\/api.w.org\/{rel}","templated":true}]}}