{"id":69649,"date":"2020-01-21T20:03:19","date_gmt":"2020-01-21T17:03:19","guid":{"rendered":"http:\/\/rockpark.com.tr\/?post_type=product&#038;p=69649"},"modified":"2021-12-06T11:26:40","modified_gmt":"2021-12-06T08:26:40","slug":"independent-144-stage-11-dual-crs-flt-blk-kaykay-t","status":"publish","type":"product","link":"https:\/\/rockpark.com.tr\/index.php\/urun\/independent-144-stage-11-dual-crs-flt-blk-kaykay-t\/","title":{"rendered":"Independent 144 Stage 11 Dual Crs Flt Blk Kaykay T"},"content":{"rendered":"<p>* Fiyat \u00e7ift Truck fiyat\u0131d\u0131r.<\/p>\n<p>Independent 144 Stage 11 Dual Crs Flt Blk Kaykay Truck<\/p>\n<p>INDEPENDENT efsanesi Santa Cruz, Kaliforniya\u2019da, 1978 y\u0131l\u0131nda do\u011fmu\u015ftur. K\u0131saca \u201cIndy\u201d olarak ta bilinir. Independent truck\u2019lar (dingiller) hafif ve uzun \u00f6m\u00fcrl\u00fc olmas\u0131yla me\u015fhurdur. Independent truck\u2019lar\u0131n \u00fcretimi d\u00fcnyan\u0131n sadece skateboard truck \u00fcretimi yapan tek fabrikas\u0131 olan San Fransisco\u2019da Ermico Enterprises\u2019ta yap\u0131lmaktad\u0131r. D\u00fcnyan\u0131n en iyi pro skater\u2019lar\u0131n\u0131n neredeyse tamam\u0131 Independent Truck kullanmaktad\u0131r.<\/p>\n<p>Peki sizin i\u00e7in hangi Independent Truck uygun? A\u015fa\u011f\u0131daki tablodan bakabilirsiniz<\/p>\n<p><img loading=\"lazy\" decoding=\"async\" width=\"300\" height=\"225\" class=\"alignnone size-medium wp-image-69650\" src=\"https:\/\/rockpark.com.tr\/wp-content\/uploads\/Independent-Trucks_Kaykay-Rulman_Size-Chart-300x225.jpg\" alt=\"\" srcset=\"https:\/\/rockpark.com.tr\/wp-content\/uploads\/Independent-Trucks_Kaykay-Rulman_Size-Chart-300x225.jpg 300w, https:\/\/rockpark.com.tr\/wp-content\/uploads\/Independent-Trucks_Kaykay-Rulman_Size-Chart-500x375.jpg 500w, https:\/\/rockpark.com.tr\/wp-content\/uploads\/Independent-Trucks_Kaykay-Rulman_Size-Chart-500x375@2x.jpg 1000w, https:\/\/rockpark.com.tr\/wp-content\/uploads\/Independent-Trucks_Kaykay-Rulman_Size-Chart-300x225@2x.jpg 600w\" sizes=\"auto, (max-width: 300px) 100vw, 300px\" \/><img loading=\"lazy\" decoding=\"async\" width=\"300\" height=\"225\" class=\"alignnone size-medium wp-image-69650\" src=\"https:\/\/rockpark.com.tr\/wp-content\/uploads\/Independent-Trucks_Kaykay-Rulman_Size-Chart-300x225.jpg\" alt=\"\" srcset=\"https:\/\/rockpark.com.tr\/wp-content\/uploads\/Independent-Trucks_Kaykay-Rulman_Size-Chart-300x225.jpg 300w, https:\/\/rockpark.com.tr\/wp-content\/uploads\/Independent-Trucks_Kaykay-Rulman_Size-Chart-500x375.jpg 500w, https:\/\/rockpark.com.tr\/wp-content\/uploads\/Independent-Trucks_Kaykay-Rulman_Size-Chart-500x375@2x.jpg 1000w, https:\/\/rockpark.com.tr\/wp-content\/uploads\/Independent-Trucks_Kaykay-Rulman_Size-Chart-300x225@2x.jpg 600w\" sizes=\"auto, (max-width: 300px) 100vw, 300px\" \/><\/p>\n","protected":false},"excerpt":{"rendered":"<p>* Fiyat \u00e7ift Truck fiyat\u0131d\u0131r. Independent 144 Stage 11 Dual Crs Flt Blk Kaykay Truck INDEPENDENT efsanesi Santa Cruz, Kaliforniya\u2019da, 1978 y\u0131l\u0131nda do\u011fmu\u015ftur. K\u0131saca \u201cIndy\u201d olarak ta bilinir. Independent truck\u2019lar (dingiller) hafif ve uzun \u00f6m\u00fcrl\u00fc olmas\u0131yla me\u015fhurdur. Independent truck\u2019lar\u0131n \u00fcretimi d\u00fcnyan\u0131n sadece skateboard truck \u00fcretimi yapan tek fabrikas\u0131 olan San Fransisco\u2019da Ermico Enterprises\u2019ta yap\u0131lmaktad\u0131r. D\u00fcnyan\u0131n&hellip;<\/p>\n","protected":false},"featured_media":69651,"comment_status":"open","ping_status":"closed","template":"","meta":[],"class_list":{"0":"post-69649","1":"product","2":"type-product","3":"status-publish","4":"has-post-thumbnail","6":"product_cat-kaykay","7":"product_cat-track","9":"first","10":"instock","11":"taxable","12":"shipping-taxable","13":"product-type-simple"},"_links":{"self":[{"href":"https:\/\/rockpark.com.tr\/index.php\/wp-json\/wp\/v2\/product\/69649","targetHints":{"allow":["GET"]}}],"collection":[{"href":"https:\/\/rockpark.com.tr\/index.php\/wp-json\/wp\/v2\/product"}],"about":[{"href":"https:\/\/rockpark.com.tr\/index.php\/wp-json\/wp\/v2\/types\/product"}],"replies":[{"embeddable":true,"href":"https:\/\/rockpark.com.tr\/index.php\/wp-json\/wp\/v2\/comments?post=69649"}],"wp:featuredmedia":[{"embeddable":true,"href":"https:\/\/rockpark.com.tr\/index.php\/wp-json\/wp\/v2\/media\/69651"}],"wp:attachment":[{"href":"https:\/\/rockpark.com.tr\/index.php\/wp-json\/wp\/v2\/media?parent=69649"}],"curies":[{"name":"wp","href":"https:\/\/api.w.org\/{rel}","templated":true}]}}