{"id":69646,"date":"2020-01-21T19:38:52","date_gmt":"2020-01-21T16:38:52","guid":{"rendered":"http:\/\/rockpark.com.tr\/?post_type=product&#038;p=69646"},"modified":"2021-12-06T11:26:41","modified_gmt":"2021-12-06T08:26:41","slug":"zero-80-pricepoint-blood-kaykay-tahtasi","status":"publish","type":"product","link":"https:\/\/rockpark.com.tr\/index.php\/urun\/zero-80-pricepoint-blood-kaykay-tahtasi\/","title":{"rendered":"Zero 8,0 Pricepoint Blood Kaykay Tahtas\u0131"},"content":{"rendered":"<p>Geni\u015flik: 8.0<br \/>\nKonstr\u00fcksiyon: 7-ply<\/p>\n<p>ZERO Skateboards Hakk\u0131nda:<\/p>\n<p>Zero Skateboards, Jamie Thomas taraf\u0131ndan 1996 y\u0131l\u0131nda Carlsbad, Kaliforniya\u2019da kuruldu. Jamie\u2019nin amac\u0131, kaykay d\u00fcnyas\u0131n\u0131n k\u00f6klerinde yatan ancak s\u00f6nmekte oldu\u011funu d\u00fc\u015f\u00fcnd\u00fc\u011f\u00fc isyankar ruhu tekrar canland\u0131rmakt\u0131. Bununla birlikte Zero Skateboard hayata dezavantajl\u0131 ba\u015flayanlar\u0131n da sesi olmak istiyordu. G\u00fcn\u00fcm\u00fczde Zero, kaykay d\u00fcnyas\u0131n\u0131n en core markalar\u0131ndan biri olmu\u015ftur. Zero kaykay tak\u0131m\u0131 Jamie Thomas, Tommy Sandoval, Dane Burman, James Brockman, Tony Cervantes, Windsor James, Adrian Lopes, Chris Wimer, Kurt Hodge\u2019tan olu\u015fmaktad\u0131r.<\/p>\n","protected":false},"excerpt":{"rendered":"<p>Geni\u015flik: 8.0 Konstr\u00fcksiyon: 7-ply ZERO Skateboards Hakk\u0131nda: Zero Skateboards, Jamie Thomas taraf\u0131ndan 1996 y\u0131l\u0131nda Carlsbad, Kaliforniya\u2019da kuruldu. Jamie\u2019nin amac\u0131, kaykay d\u00fcnyas\u0131n\u0131n k\u00f6klerinde yatan ancak s\u00f6nmekte oldu\u011funu d\u00fc\u015f\u00fcnd\u00fc\u011f\u00fc isyankar ruhu tekrar canland\u0131rmakt\u0131. Bununla birlikte Zero Skateboard hayata dezavantajl\u0131 ba\u015flayanlar\u0131n da sesi olmak istiyordu. G\u00fcn\u00fcm\u00fczde Zero, kaykay d\u00fcnyas\u0131n\u0131n en core markalar\u0131ndan biri olmu\u015ftur. Zero kaykay tak\u0131m\u0131 Jamie&hellip;<\/p>\n","protected":false},"featured_media":69643,"comment_status":"open","ping_status":"closed","template":"","meta":[],"class_list":{"0":"post-69646","1":"product","2":"type-product","3":"status-publish","4":"has-post-thumbnail","6":"product_cat-deck","7":"product_cat-kaykay","9":"first","10":"instock","11":"taxable","12":"shipping-taxable","13":"product-type-simple"},"_links":{"self":[{"href":"https:\/\/rockpark.com.tr\/index.php\/wp-json\/wp\/v2\/product\/69646","targetHints":{"allow":["GET"]}}],"collection":[{"href":"https:\/\/rockpark.com.tr\/index.php\/wp-json\/wp\/v2\/product"}],"about":[{"href":"https:\/\/rockpark.com.tr\/index.php\/wp-json\/wp\/v2\/types\/product"}],"replies":[{"embeddable":true,"href":"https:\/\/rockpark.com.tr\/index.php\/wp-json\/wp\/v2\/comments?post=69646"}],"wp:featuredmedia":[{"embeddable":true,"href":"https:\/\/rockpark.com.tr\/index.php\/wp-json\/wp\/v2\/media\/69643"}],"wp:attachment":[{"href":"https:\/\/rockpark.com.tr\/index.php\/wp-json\/wp\/v2\/media?parent=69646"}],"curies":[{"name":"wp","href":"https:\/\/api.w.org\/{rel}","templated":true}]}}