{"id":69571,"date":"2019-12-04T13:17:56","date_gmt":"2019-12-04T10:17:56","guid":{"rendered":"http:\/\/rockpark.com.tr\/?post_type=product&#038;p=69571"},"modified":"2021-12-06T11:28:13","modified_gmt":"2021-12-06T08:28:13","slug":"urban-model-8mm-paten-tekerlek-vidasi-4-adet","status":"publish","type":"product","link":"https:\/\/rockpark.com.tr\/index.php\/urun\/urban-model-8mm-paten-tekerlek-vidasi-4-adet\/","title":{"rendered":"Urban Model 8mm Paten Tekerlek Vidas\u0131 4 Adet"},"content":{"rendered":"<hr \/>\n<h3><\/h3>\n<p>Urban Model 8mm Paten Tekerlek Vidas\u0131 d\u00f6rtl\u00fc set<\/p>\n<p>Tek tarafl\u0131 olup, Gamma frameler ile uyumludur.<\/p>\n<p>Pateninizin tekerlekleri i\u00e7in 8mm \u00e7elik tekerlek vidas\u0131 (dingili). Piyasadaki 8mm dingil kullanan t\u00fcm patenlerle uyumludur. Paket 4 adet tekerlek vidas\u0131ndan olu\u015fmaktad\u0131r. Bir paten teki i\u00e7in (4 tekerlekli patenler i\u00e7in ge\u00e7erli) 4 adet tekerlek vidas\u0131 gerekmektedir. Dolas\u0131yla paket tek patene yetecek tekerlek vidas\u0131ndan olu\u015famaktad\u0131r. Paten \u00e7ifti i\u00e7in iki paket al\u0131nmas\u0131 gerekmektedir.<\/p>\n<p>Not: \u00dcr\u00fcn paket i\u00e7erikleri, birebir foto\u011frafta g\u00f6r\u00fcnen adet ve \u015fekilde gelmektedir. Paket i\u00e7inden 4 adet tekerlek vidas\u0131 \u00e7\u0131kmaktad\u0131r.<\/p>\n","protected":false},"excerpt":{"rendered":"<p>Urban Model 8mm Paten Tekerlek Vidas\u0131 d\u00f6rtl\u00fc set Tek tarafl\u0131 olup, Gamma frameler ile uyumludur. Pateninizin tekerlekleri i\u00e7in 8mm \u00e7elik tekerlek vidas\u0131 (dingili). Piyasadaki 8mm dingil kullanan t\u00fcm patenlerle uyumludur. Paket 4 adet tekerlek vidas\u0131ndan olu\u015fmaktad\u0131r. Bir paten teki i\u00e7in (4 tekerlekli patenler i\u00e7in ge\u00e7erli) 4 adet tekerlek vidas\u0131 gerekmektedir. Dolas\u0131yla paket tek patene yetecek&hellip;<\/p>\n","protected":false},"featured_media":69572,"comment_status":"open","ping_status":"closed","template":"","meta":[],"class_list":{"0":"post-69571","1":"product","2":"type-product","3":"status-publish","4":"has-post-thumbnail","6":"product_cat-paten","8":"first","9":"instock","10":"taxable","11":"shipping-taxable","12":"product-type-simple"},"_links":{"self":[{"href":"https:\/\/rockpark.com.tr\/index.php\/wp-json\/wp\/v2\/product\/69571","targetHints":{"allow":["GET"]}}],"collection":[{"href":"https:\/\/rockpark.com.tr\/index.php\/wp-json\/wp\/v2\/product"}],"about":[{"href":"https:\/\/rockpark.com.tr\/index.php\/wp-json\/wp\/v2\/types\/product"}],"replies":[{"embeddable":true,"href":"https:\/\/rockpark.com.tr\/index.php\/wp-json\/wp\/v2\/comments?post=69571"}],"wp:featuredmedia":[{"embeddable":true,"href":"https:\/\/rockpark.com.tr\/index.php\/wp-json\/wp\/v2\/media\/69572"}],"wp:attachment":[{"href":"https:\/\/rockpark.com.tr\/index.php\/wp-json\/wp\/v2\/media?parent=69571"}],"curies":[{"name":"wp","href":"https:\/\/api.w.org\/{rel}","templated":true}]}}