{"id":69528,"date":"2019-10-22T18:31:15","date_gmt":"2019-10-22T15:31:15","guid":{"rendered":"http:\/\/rockpark.com.tr\/?post_type=product&#038;p=69528"},"modified":"2021-12-06T11:28:14","modified_gmt":"2021-12-06T08:28:14","slug":"pow-52mm-ve-53mm-lineara-kaykay-tekerlegi","status":"publish","type":"product","link":"https:\/\/rockpark.com.tr\/index.php\/urun\/pow-52mm-ve-53mm-lineara-kaykay-tekerlegi\/","title":{"rendered":"Pow 52mm ve 53mm LinearA Kaykay Tekerle\u011fi"},"content":{"rendered":"<p>Pow 52mm ve 53mm LinearA Kaykay Tekerlek Seti (4&#8217;l\u00fc)<\/p>\n<p>&nbsp;<\/p>\n<p>Tekerlek \u00c7ap\u0131: 52mm ve 53mm<br \/>\nSertlik: 99A<\/p>\n<p>Kaykay d\u00fcnyas\u0131n\u0131n e\u015fsiz enerjisini, ilham\u0131n\u0131 sokaklardan alan \u00f6zg\u00fcn ve yarat\u0131c\u0131 tasar\u0131mlarla bulu\u015fturan POW, e\u015fsiz bir kaliteyi, harika bir fiyat ile sunuyor.<\/p>\n","protected":false},"excerpt":{"rendered":"<p>Pow 52mm ve 53mm LinearA Kaykay Tekerlek Seti (4&#8217;l\u00fc) &nbsp; Tekerlek \u00c7ap\u0131: 52mm ve 53mm Sertlik: 99A Kaykay d\u00fcnyas\u0131n\u0131n e\u015fsiz enerjisini, ilham\u0131n\u0131 sokaklardan alan \u00f6zg\u00fcn ve yarat\u0131c\u0131 tasar\u0131mlarla bulu\u015fturan POW, e\u015fsiz bir kaliteyi, harika bir fiyat ile sunuyor.<\/p>\n","protected":false},"featured_media":69530,"comment_status":"open","ping_status":"closed","template":"","meta":[],"class_list":{"0":"post-69528","1":"product","2":"type-product","3":"status-publish","4":"has-post-thumbnail","6":"product_cat-kaykay","7":"product_cat-rulman","9":"first","10":"instock","11":"taxable","12":"shipping-taxable","13":"product-type-simple"},"_links":{"self":[{"href":"https:\/\/rockpark.com.tr\/index.php\/wp-json\/wp\/v2\/product\/69528","targetHints":{"allow":["GET"]}}],"collection":[{"href":"https:\/\/rockpark.com.tr\/index.php\/wp-json\/wp\/v2\/product"}],"about":[{"href":"https:\/\/rockpark.com.tr\/index.php\/wp-json\/wp\/v2\/types\/product"}],"replies":[{"embeddable":true,"href":"https:\/\/rockpark.com.tr\/index.php\/wp-json\/wp\/v2\/comments?post=69528"}],"wp:featuredmedia":[{"embeddable":true,"href":"https:\/\/rockpark.com.tr\/index.php\/wp-json\/wp\/v2\/media\/69530"}],"wp:attachment":[{"href":"https:\/\/rockpark.com.tr\/index.php\/wp-json\/wp\/v2\/media?parent=69528"}],"curies":[{"name":"wp","href":"https:\/\/api.w.org\/{rel}","templated":true}]}}