{"id":69414,"date":"2019-03-22T20:35:29","date_gmt":"2019-03-22T17:35:29","guid":{"rendered":"http:\/\/rockpark.com.tr\/?post_type=product&#038;p=69414"},"modified":"2021-12-06T11:29:20","modified_gmt":"2021-12-06T08:29:20","slug":"flying-eagle-urban-paten","status":"publish","type":"product","link":"https:\/\/rockpark.com.tr\/index.php\/urun\/flying-eagle-urban-paten\/","title":{"rendered":"Flying Eagle  Urban Paten"},"content":{"rendered":"<p>Flying Eagle kaliteli bir patenin sahip olmas\u0131 gereken t\u00fcm \u00f6zelliklere fazlas\u0131yla sahip bir paten. \u0130ster slalom, ister freeride isterseniz de fitness skating i\u00e7in kullanabilirsiniz. Son olarak t\u00fcm Flying Eagle koleksiyonu gibi harika bir performans fiyat oran\u0131na sahip.<\/p>\n<p>Teknik \u00f6zellikler:<\/p>\n<p>&#8211; Dayan\u0131kl\u0131, sert d\u0131\u015f bot<br \/>\n&#8211; 85A tekerlekler<br \/>\n&#8211; Tekerlek \u00f6l\u00e7\u00fcs\u00fc\u00a0 76\/80\/80\/76mm (41-44 numaralar\u0131 i\u00e7in)<\/p>\n<p>&#8211; Abec 7 rulmanlar<br \/>\n&#8211; CNC Al\u00fcminyum frame<br \/>\n&#8211; \u00c7\u0131kart\u0131labilir i\u00e7 bot<br \/>\n&#8211; \u0130spanyol tasar\u0131m\u0131<\/p>\n<p>\u00d6NEML\u0130: Flying Eagle patenlerinde beden se\u00e7erken spor ayakkab\u0131 numaran\u0131za 1 numara ilave ediniz. \u00d6rnek: 42 numara spor ayakkab\u0131 giyen bir ki\u015finin 43 numara Flying Eagle paten sipari\u015fi vermesi idealdir.<\/p>\n","protected":false},"excerpt":{"rendered":"<p>Flying Eagle kaliteli bir patenin sahip olmas\u0131 gereken t\u00fcm \u00f6zelliklere fazlas\u0131yla sahip bir paten. \u0130ster slalom, ister freeride isterseniz de fitness skating i\u00e7in kullanabilirsiniz. Son olarak t\u00fcm Flying Eagle koleksiyonu gibi harika bir performans fiyat oran\u0131na sahip. Teknik \u00f6zellikler: &#8211; Dayan\u0131kl\u0131, sert d\u0131\u015f bot &#8211; 85A tekerlekler &#8211; Tekerlek \u00f6l\u00e7\u00fcs\u00fc\u00a0 76\/80\/80\/76mm (41-44 numaralar\u0131 i\u00e7in) &#8211;&hellip;<\/p>\n","protected":false},"featured_media":69417,"comment_status":"open","ping_status":"closed","template":"","meta":[],"class_list":{"0":"post-69414","1":"product","2":"type-product","3":"status-publish","4":"has-post-thumbnail","6":"product_cat-paten","8":"first","9":"instock","10":"featured","11":"taxable","12":"shipping-taxable","13":"product-type-simple"},"_links":{"self":[{"href":"https:\/\/rockpark.com.tr\/index.php\/wp-json\/wp\/v2\/product\/69414","targetHints":{"allow":["GET"]}}],"collection":[{"href":"https:\/\/rockpark.com.tr\/index.php\/wp-json\/wp\/v2\/product"}],"about":[{"href":"https:\/\/rockpark.com.tr\/index.php\/wp-json\/wp\/v2\/types\/product"}],"replies":[{"embeddable":true,"href":"https:\/\/rockpark.com.tr\/index.php\/wp-json\/wp\/v2\/comments?post=69414"}],"wp:featuredmedia":[{"embeddable":true,"href":"https:\/\/rockpark.com.tr\/index.php\/wp-json\/wp\/v2\/media\/69417"}],"wp:attachment":[{"href":"https:\/\/rockpark.com.tr\/index.php\/wp-json\/wp\/v2\/media?parent=69414"}],"curies":[{"name":"wp","href":"https:\/\/api.w.org\/{rel}","templated":true}]}}