{"id":69393,"date":"2019-03-06T16:09:59","date_gmt":"2019-03-06T13:09:59","guid":{"rendered":"http:\/\/rockpark.com.tr\/?post_type=product&#038;p=69393"},"modified":"2022-07-26T16:04:42","modified_gmt":"2022-07-26T13:04:42","slug":"sinner-gunahkartisort","status":"publish","type":"product","link":"https:\/\/rockpark.com.tr\/index.php\/urun\/sinner-gunahkartisort\/","title":{"rendered":"Sinner G\u00fcnahkarTi\u015f\u00f6rt"},"content":{"rendered":"<p>3\/1 penye.normal ti\u015f\u00f6rt kesim.\u00a0 S-M-L-XL Beden<\/p>\n","protected":false},"excerpt":{"rendered":"<p>3\/1 penye.normal ti\u015f\u00f6rt kesim.\u00a0 S-M-L-XL Beden<\/p>\n","protected":false},"featured_media":69370,"comment_status":"open","ping_status":"closed","template":"","meta":[],"class_list":{"0":"post-69393","1":"product","2":"type-product","3":"status-publish","4":"has-post-thumbnail","6":"product_cat-giyim","7":"product_cat-hiphop","8":"product_cat-mizah","9":"product_cat-rock","10":"product_cat-tshirt","12":"first","13":"instock","14":"taxable","15":"shipping-taxable","16":"purchasable","17":"product-type-simple"},"_links":{"self":[{"href":"https:\/\/rockpark.com.tr\/index.php\/wp-json\/wp\/v2\/product\/69393","targetHints":{"allow":["GET"]}}],"collection":[{"href":"https:\/\/rockpark.com.tr\/index.php\/wp-json\/wp\/v2\/product"}],"about":[{"href":"https:\/\/rockpark.com.tr\/index.php\/wp-json\/wp\/v2\/types\/product"}],"replies":[{"embeddable":true,"href":"https:\/\/rockpark.com.tr\/index.php\/wp-json\/wp\/v2\/comments?post=69393"}],"wp:featuredmedia":[{"embeddable":true,"href":"https:\/\/rockpark.com.tr\/index.php\/wp-json\/wp\/v2\/media\/69370"}],"wp:attachment":[{"href":"https:\/\/rockpark.com.tr\/index.php\/wp-json\/wp\/v2\/media?parent=69393"}],"curies":[{"name":"wp","href":"https:\/\/api.w.org\/{rel}","templated":true}]}}