{"id":69348,"date":"2019-02-07T16:14:27","date_gmt":"2019-02-07T13:14:27","guid":{"rendered":"http:\/\/rockpark.com.tr\/?post_type=product&#038;p=69348"},"modified":"2021-12-06T11:31:48","modified_gmt":"2021-12-06T08:31:48","slug":"pig-skin-zimpara","status":"publish","type":"product","link":"https:\/\/rockpark.com.tr\/index.php\/urun\/pig-skin-zimpara\/","title":{"rendered":"Pig Skin Z\u0131mpara"},"content":{"rendered":"<p>1 kaykay tahtal\u0131k \u00fcst kalite Pig marka z\u0131mpara<\/p>\n","protected":false},"excerpt":{"rendered":"<p>1 kaykay tahtal\u0131k \u00fcst kalite Pig marka z\u0131mpara<\/p>\n","protected":false},"featured_media":69352,"comment_status":"open","ping_status":"closed","template":"","meta":[],"class_list":{"0":"post-69348","1":"product","2":"type-product","3":"status-publish","4":"has-post-thumbnail","6":"product_cat-kaykay","7":"product_cat-zimpara","9":"first","10":"instock","11":"taxable","12":"shipping-taxable","13":"product-type-simple"},"_links":{"self":[{"href":"https:\/\/rockpark.com.tr\/index.php\/wp-json\/wp\/v2\/product\/69348","targetHints":{"allow":["GET"]}}],"collection":[{"href":"https:\/\/rockpark.com.tr\/index.php\/wp-json\/wp\/v2\/product"}],"about":[{"href":"https:\/\/rockpark.com.tr\/index.php\/wp-json\/wp\/v2\/types\/product"}],"replies":[{"embeddable":true,"href":"https:\/\/rockpark.com.tr\/index.php\/wp-json\/wp\/v2\/comments?post=69348"}],"wp:featuredmedia":[{"embeddable":true,"href":"https:\/\/rockpark.com.tr\/index.php\/wp-json\/wp\/v2\/media\/69352"}],"wp:attachment":[{"href":"https:\/\/rockpark.com.tr\/index.php\/wp-json\/wp\/v2\/media?parent=69348"}],"curies":[{"name":"wp","href":"https:\/\/api.w.org\/{rel}","templated":true}]}}