{"id":69185,"date":"2018-12-06T13:40:46","date_gmt":"2018-12-06T10:40:46","guid":{"rendered":"http:\/\/rockpark.com.tr\/?post_type=product&#038;p=69185"},"modified":"2021-12-06T11:32:26","modified_gmt":"2021-12-06T08:32:26","slug":"peace-baris-kolye","status":"publish","type":"product","link":"https:\/\/rockpark.com.tr\/index.php\/urun\/peace-baris-kolye\/","title":{"rendered":"Peace Bar\u0131\u015f Kolye"},"content":{"rendered":"<p>D\u00f6k\u00fcm kolye.<\/p>\n<p><strong>Ma\u011fazam\u0131zdan 70 TL ve \u00fczeri al\u0131\u015fveri\u015flerde kargo \u00fccretsizidir<\/strong><\/p>\n","protected":false},"excerpt":{"rendered":"<p>D\u00f6k\u00fcm kolye. Ma\u011fazam\u0131zdan 70 TL ve \u00fczeri al\u0131\u015fveri\u015flerde kargo \u00fccretsizidir<\/p>\n","protected":false},"featured_media":69170,"comment_status":"open","ping_status":"closed","template":"","meta":[],"class_list":{"0":"post-69185","1":"product","2":"type-product","3":"status-publish","4":"has-post-thumbnail","6":"product_cat-genel","8":"first","9":"instock","10":"taxable","11":"shipping-taxable","12":"purchasable","13":"product-type-simple"},"_links":{"self":[{"href":"https:\/\/rockpark.com.tr\/index.php\/wp-json\/wp\/v2\/product\/69185","targetHints":{"allow":["GET"]}}],"collection":[{"href":"https:\/\/rockpark.com.tr\/index.php\/wp-json\/wp\/v2\/product"}],"about":[{"href":"https:\/\/rockpark.com.tr\/index.php\/wp-json\/wp\/v2\/types\/product"}],"replies":[{"embeddable":true,"href":"https:\/\/rockpark.com.tr\/index.php\/wp-json\/wp\/v2\/comments?post=69185"}],"wp:featuredmedia":[{"embeddable":true,"href":"https:\/\/rockpark.com.tr\/index.php\/wp-json\/wp\/v2\/media\/69170"}],"wp:attachment":[{"href":"https:\/\/rockpark.com.tr\/index.php\/wp-json\/wp\/v2\/media?parent=69185"}],"curies":[{"name":"wp","href":"https:\/\/api.w.org\/{rel}","templated":true}]}}