{"id":69184,"date":"2018-12-06T13:39:09","date_gmt":"2018-12-06T10:39:09","guid":{"rendered":"http:\/\/rockpark.com.tr\/?post_type=product&#038;p=69184"},"modified":"2021-12-06T11:32:26","modified_gmt":"2021-12-06T08:32:26","slug":"baris-peace-kolye","status":"publish","type":"product","link":"https:\/\/rockpark.com.tr\/index.php\/urun\/baris-peace-kolye\/","title":{"rendered":"Bar\u0131\u015f Peace Kolye"},"content":{"rendered":"<p>D\u00f6k\u00fcm kolye.<\/p>\n<p><strong>Ma\u011fazam\u0131zdan 70 TL ve \u00fczeri al\u0131\u015fveri\u015flerde kargo \u00fccretsizidir<\/strong><\/p>\n","protected":false},"excerpt":{"rendered":"<p>D\u00f6k\u00fcm kolye. Ma\u011fazam\u0131zdan 70 TL ve \u00fczeri al\u0131\u015fveri\u015flerde kargo \u00fccretsizidir<\/p>\n","protected":false},"featured_media":69169,"comment_status":"open","ping_status":"closed","template":"","meta":[],"class_list":{"0":"post-69184","1":"product","2":"type-product","3":"status-publish","4":"has-post-thumbnail","6":"product_cat-aksesuar","7":"product_cat-taki","9":"first","10":"instock","11":"taxable","12":"shipping-taxable","13":"purchasable","14":"product-type-simple"},"_links":{"self":[{"href":"https:\/\/rockpark.com.tr\/index.php\/wp-json\/wp\/v2\/product\/69184","targetHints":{"allow":["GET"]}}],"collection":[{"href":"https:\/\/rockpark.com.tr\/index.php\/wp-json\/wp\/v2\/product"}],"about":[{"href":"https:\/\/rockpark.com.tr\/index.php\/wp-json\/wp\/v2\/types\/product"}],"replies":[{"embeddable":true,"href":"https:\/\/rockpark.com.tr\/index.php\/wp-json\/wp\/v2\/comments?post=69184"}],"wp:featuredmedia":[{"embeddable":true,"href":"https:\/\/rockpark.com.tr\/index.php\/wp-json\/wp\/v2\/media\/69169"}],"wp:attachment":[{"href":"https:\/\/rockpark.com.tr\/index.php\/wp-json\/wp\/v2\/media?parent=69184"}],"curies":[{"name":"wp","href":"https:\/\/api.w.org\/{rel}","templated":true}]}}