{"id":69183,"date":"2018-12-06T13:37:44","date_gmt":"2018-12-06T10:37:44","guid":{"rendered":"http:\/\/rockpark.com.tr\/?post_type=product&#038;p=69183"},"modified":"2021-12-06T11:32:26","modified_gmt":"2021-12-06T08:32:26","slug":"pentagram-kolye","status":"publish","type":"product","link":"https:\/\/rockpark.com.tr\/index.php\/urun\/pentagram-kolye\/","title":{"rendered":"Pentagram Kolye"},"content":{"rendered":"<p>D\u00f6k\u00fcm kolye.<\/p>\n<p><strong>Ma\u011fazam\u0131zdan 70 TL ve \u00fczeri al\u0131\u015fveri\u015flerde kargo \u00fccretsizidir<\/strong><\/p>\n","protected":false},"excerpt":{"rendered":"<p>D\u00f6k\u00fcm kolye. Ma\u011fazam\u0131zdan 70 TL ve \u00fczeri al\u0131\u015fveri\u015flerde kargo \u00fccretsizidir<\/p>\n","protected":false},"featured_media":69168,"comment_status":"open","ping_status":"closed","template":"","meta":[],"class_list":{"0":"post-69183","1":"product","2":"type-product","3":"status-publish","4":"has-post-thumbnail","6":"product_cat-aksesuar","7":"product_cat-taki","9":"first","10":"instock","11":"taxable","12":"shipping-taxable","13":"purchasable","14":"product-type-simple"},"_links":{"self":[{"href":"https:\/\/rockpark.com.tr\/index.php\/wp-json\/wp\/v2\/product\/69183","targetHints":{"allow":["GET"]}}],"collection":[{"href":"https:\/\/rockpark.com.tr\/index.php\/wp-json\/wp\/v2\/product"}],"about":[{"href":"https:\/\/rockpark.com.tr\/index.php\/wp-json\/wp\/v2\/types\/product"}],"replies":[{"embeddable":true,"href":"https:\/\/rockpark.com.tr\/index.php\/wp-json\/wp\/v2\/comments?post=69183"}],"wp:featuredmedia":[{"embeddable":true,"href":"https:\/\/rockpark.com.tr\/index.php\/wp-json\/wp\/v2\/media\/69168"}],"wp:attachment":[{"href":"https:\/\/rockpark.com.tr\/index.php\/wp-json\/wp\/v2\/media?parent=69183"}],"curies":[{"name":"wp","href":"https:\/\/api.w.org\/{rel}","templated":true}]}}