{"id":69178,"date":"2018-12-06T12:59:02","date_gmt":"2018-12-06T09:59:02","guid":{"rendered":"http:\/\/rockpark.com.tr\/?post_type=product&#038;p=69178"},"modified":"2021-12-06T11:33:36","modified_gmt":"2021-12-06T08:33:36","slug":"pantera-kolye-2","status":"publish","type":"product","link":"https:\/\/rockpark.com.tr\/index.php\/urun\/pantera-kolye-2\/","title":{"rendered":"Pantera Kolye"},"content":{"rendered":"<table border=\"0\" width=\"100%\" cellspacing=\"0\" cellpadding=\"0\">\n<tbody>\n<tr>\n<td>D\u00f6k\u00fcm kolye.<\/p>\n<p><strong>Ma\u011fazam\u0131zdan 70 TL ve \u00fczeri al\u0131\u015fveri\u015flerde kargo \u00fccretsizidir<\/strong><\/td>\n<\/tr>\n<\/tbody>\n<\/table>\n","protected":false},"excerpt":{"rendered":"<p>D\u00f6k\u00fcm kolye. Ma\u011fazam\u0131zdan 70 TL ve \u00fczeri al\u0131\u015fveri\u015flerde kargo \u00fccretsizidir<\/p>\n","protected":false},"featured_media":69164,"comment_status":"open","ping_status":"closed","template":"","meta":[],"class_list":{"0":"post-69178","1":"product","2":"type-product","3":"status-publish","4":"has-post-thumbnail","6":"product_cat-aksesuar","7":"product_cat-taki","9":"first","10":"instock","11":"taxable","12":"shipping-taxable","13":"purchasable","14":"product-type-simple"},"_links":{"self":[{"href":"https:\/\/rockpark.com.tr\/index.php\/wp-json\/wp\/v2\/product\/69178","targetHints":{"allow":["GET"]}}],"collection":[{"href":"https:\/\/rockpark.com.tr\/index.php\/wp-json\/wp\/v2\/product"}],"about":[{"href":"https:\/\/rockpark.com.tr\/index.php\/wp-json\/wp\/v2\/types\/product"}],"replies":[{"embeddable":true,"href":"https:\/\/rockpark.com.tr\/index.php\/wp-json\/wp\/v2\/comments?post=69178"}],"wp:featuredmedia":[{"embeddable":true,"href":"https:\/\/rockpark.com.tr\/index.php\/wp-json\/wp\/v2\/media\/69164"}],"wp:attachment":[{"href":"https:\/\/rockpark.com.tr\/index.php\/wp-json\/wp\/v2\/media?parent=69178"}],"curies":[{"name":"wp","href":"https:\/\/api.w.org\/{rel}","templated":true}]}}