{"id":69107,"date":"2018-11-20T12:53:26","date_gmt":"2018-11-20T09:53:26","guid":{"rendered":"http:\/\/rockpark.com.tr\/?post_type=product&#038;p=69107"},"modified":"2022-07-26T16:05:06","modified_gmt":"2022-07-26T13:05:06","slug":"jimi-hendrix-tisort","status":"publish","type":"product","link":"https:\/\/rockpark.com.tr\/index.php\/urun\/jimi-hendrix-tisort\/","title":{"rendered":"Jimi Hendrix Ti\u015f\u00f6rt"},"content":{"rendered":"<p>s-m-l-xl bedenlerde ti\u015f\u00f6rt<\/p>\n","protected":false},"excerpt":{"rendered":"<p>s-m-l-xl bedenlerde ti\u015f\u00f6rt<\/p>\n","protected":false},"featured_media":69093,"comment_status":"open","ping_status":"closed","template":"","meta":[],"class_list":{"0":"post-69107","1":"product","2":"type-product","3":"status-publish","4":"has-post-thumbnail","6":"product_cat-giyim","7":"product_cat-rock","8":"product_cat-tshirt","10":"first","11":"instock","12":"taxable","13":"shipping-taxable","14":"purchasable","15":"product-type-simple"},"_links":{"self":[{"href":"https:\/\/rockpark.com.tr\/index.php\/wp-json\/wp\/v2\/product\/69107","targetHints":{"allow":["GET"]}}],"collection":[{"href":"https:\/\/rockpark.com.tr\/index.php\/wp-json\/wp\/v2\/product"}],"about":[{"href":"https:\/\/rockpark.com.tr\/index.php\/wp-json\/wp\/v2\/types\/product"}],"replies":[{"embeddable":true,"href":"https:\/\/rockpark.com.tr\/index.php\/wp-json\/wp\/v2\/comments?post=69107"}],"wp:featuredmedia":[{"embeddable":true,"href":"https:\/\/rockpark.com.tr\/index.php\/wp-json\/wp\/v2\/media\/69093"}],"wp:attachment":[{"href":"https:\/\/rockpark.com.tr\/index.php\/wp-json\/wp\/v2\/media?parent=69107"}],"curies":[{"name":"wp","href":"https:\/\/api.w.org\/{rel}","templated":true}]}}