{"id":69005,"date":"2018-05-04T11:51:51","date_gmt":"2018-05-04T08:51:51","guid":{"rendered":"http:\/\/rockpark.com.tr\/?post_type=product&#038;p=69005"},"modified":"2021-12-06T11:35:15","modified_gmt":"2021-12-06T08:35:15","slug":"flip-8-0-hkd-tie-dye-yellow-kaykay-tahtasi","status":"publish","type":"product","link":"https:\/\/rockpark.com.tr\/index.php\/urun\/flip-8-0-hkd-tie-dye-yellow-kaykay-tahtasi\/","title":{"rendered":"Flip 8.0 HKD Tie Dye Yellow Kaykay Tahtas\u0131"},"content":{"rendered":"","protected":false},"excerpt":{"rendered":"<p>Z\u0131mpara ve Sticker hediyelidir!<\/p>\n<p>Flip 8.0 HKD Tie Dye Yellow Kaykay Tahtas\u0131<\/p>\n<p>Geni\u015flik: 8.0<br \/>\nUzunluk: 31.5<br \/>\nKonstr\u00fcksiyon: 7-ply<\/p>\n<p>Flip hakk\u0131nda<\/p>\n<p>Kaliforniya, Huntington Beach\u2019te do\u011fmu\u015f bir markad\u0131r. Jeremy Fox ve profesyonel kaykayc\u0131 Geoff Rowley taraf\u0131ndan 1991 y\u0131l\u0131nda kurulmu\u015ftur. Kaykay d\u00fcnyas\u0131n\u0131n en k\u00f6kl\u00fc markalar\u0131ndan biridir. Flip tak\u0131m\u0131 Tom Penny, David Gonzales, Luan Oliveira, Bob Burnquist, Rune Glifberg, Arto Saari ve Matt Berger gibi muhte\u015fem isimlerden olu\u015fmaktad\u0131r.<\/p>\n","protected":false},"featured_media":69006,"comment_status":"open","ping_status":"closed","template":"","meta":[],"class_list":{"0":"post-69005","1":"product","2":"type-product","3":"status-publish","4":"has-post-thumbnail","6":"product_cat-deck","7":"product_cat-kaykay","9":"first","10":"instock","11":"taxable","12":"shipping-taxable","13":"product-type-simple"},"_links":{"self":[{"href":"https:\/\/rockpark.com.tr\/index.php\/wp-json\/wp\/v2\/product\/69005","targetHints":{"allow":["GET"]}}],"collection":[{"href":"https:\/\/rockpark.com.tr\/index.php\/wp-json\/wp\/v2\/product"}],"about":[{"href":"https:\/\/rockpark.com.tr\/index.php\/wp-json\/wp\/v2\/types\/product"}],"replies":[{"embeddable":true,"href":"https:\/\/rockpark.com.tr\/index.php\/wp-json\/wp\/v2\/comments?post=69005"}],"wp:featuredmedia":[{"embeddable":true,"href":"https:\/\/rockpark.com.tr\/index.php\/wp-json\/wp\/v2\/media\/69006"}],"wp:attachment":[{"href":"https:\/\/rockpark.com.tr\/index.php\/wp-json\/wp\/v2\/media?parent=69005"}],"curies":[{"name":"wp","href":"https:\/\/api.w.org\/{rel}","templated":true}]}}