{"id":68808,"date":"2017-08-03T20:21:38","date_gmt":"2017-08-03T17:21:38","guid":{"rendered":"http:\/\/rockpark.com.tr\/?post_type=product&#038;p=68808"},"modified":"2021-12-06T11:35:16","modified_gmt":"2021-12-06T08:35:16","slug":"pantera","status":"publish","type":"product","link":"https:\/\/rockpark.com.tr\/index.php\/urun\/pantera\/","title":{"rendered":"Pantera"},"content":{"rendered":"<p>s-m-l-xl<\/p>\n<p>\u00d6deme ekran\u0131nda a\u00e7\u0131klamalara beden yaz\u0131n\u0131z.<\/p>\n","protected":false},"excerpt":{"rendered":"<p>s-m-l-xl \u00d6deme ekran\u0131nda a\u00e7\u0131klamalara beden yaz\u0131n\u0131z.<\/p>\n","protected":false},"featured_media":68800,"comment_status":"open","ping_status":"closed","template":"","meta":[],"class_list":{"0":"post-68808","1":"product","2":"type-product","3":"status-publish","4":"has-post-thumbnail","6":"product_cat-genel","8":"first","9":"instock","10":"taxable","11":"shipping-taxable","12":"purchasable","13":"product-type-simple"},"_links":{"self":[{"href":"https:\/\/rockpark.com.tr\/index.php\/wp-json\/wp\/v2\/product\/68808","targetHints":{"allow":["GET"]}}],"collection":[{"href":"https:\/\/rockpark.com.tr\/index.php\/wp-json\/wp\/v2\/product"}],"about":[{"href":"https:\/\/rockpark.com.tr\/index.php\/wp-json\/wp\/v2\/types\/product"}],"replies":[{"embeddable":true,"href":"https:\/\/rockpark.com.tr\/index.php\/wp-json\/wp\/v2\/comments?post=68808"}],"wp:featuredmedia":[{"embeddable":true,"href":"https:\/\/rockpark.com.tr\/index.php\/wp-json\/wp\/v2\/media\/68800"}],"wp:attachment":[{"href":"https:\/\/rockpark.com.tr\/index.php\/wp-json\/wp\/v2\/media?parent=68808"}],"curies":[{"name":"wp","href":"https:\/\/api.w.org\/{rel}","templated":true}]}}