{"id":68802,"date":"2017-07-23T00:26:27","date_gmt":"2017-07-22T21:26:27","guid":{"rendered":"http:\/\/rockpark.com.tr\/?post_type=product&#038;p=68802"},"modified":"2022-07-26T16:04:57","modified_gmt":"2022-07-26T13:04:57","slug":"pink-floyd-the-division-bell","status":"publish","type":"product","link":"https:\/\/rockpark.com.tr\/index.php\/urun\/pink-floyd-the-division-bell\/","title":{"rendered":"Pink Floyd The Division Bell"},"content":{"rendered":"<p>s-m-l-xl<\/p>\n<p>sat\u0131n alma esnas\u0131nda a\u00e7\u0131klamalara istedi\u011finiz bedeni yaz\u0131n<\/p>\n","protected":false},"excerpt":{"rendered":"<p>s-m-l-xl sat\u0131n alma esnas\u0131nda a\u00e7\u0131klamalara istedi\u011finiz bedeni yaz\u0131n<\/p>\n","protected":false},"featured_media":68801,"comment_status":"open","ping_status":"closed","template":"","meta":[],"class_list":{"0":"post-68802","1":"product","2":"type-product","3":"status-publish","4":"has-post-thumbnail","6":"product_cat-giyim","7":"product_cat-rock","8":"product_cat-tshirt","10":"first","11":"instock","12":"taxable","13":"shipping-taxable","14":"purchasable","15":"product-type-simple"},"_links":{"self":[{"href":"https:\/\/rockpark.com.tr\/index.php\/wp-json\/wp\/v2\/product\/68802","targetHints":{"allow":["GET"]}}],"collection":[{"href":"https:\/\/rockpark.com.tr\/index.php\/wp-json\/wp\/v2\/product"}],"about":[{"href":"https:\/\/rockpark.com.tr\/index.php\/wp-json\/wp\/v2\/types\/product"}],"replies":[{"embeddable":true,"href":"https:\/\/rockpark.com.tr\/index.php\/wp-json\/wp\/v2\/comments?post=68802"}],"wp:featuredmedia":[{"embeddable":true,"href":"https:\/\/rockpark.com.tr\/index.php\/wp-json\/wp\/v2\/media\/68801"}],"wp:attachment":[{"href":"https:\/\/rockpark.com.tr\/index.php\/wp-json\/wp\/v2\/media?parent=68802"}],"curies":[{"name":"wp","href":"https:\/\/api.w.org\/{rel}","templated":true}]}}