{"id":66631,"date":"2015-09-21T20:51:29","date_gmt":"2015-09-21T17:51:29","guid":{"rendered":"http:\/\/rockpark.com.tr\/?page_id=66631"},"modified":"2015-09-21T21:38:58","modified_gmt":"2015-09-21T18:38:58","slug":"our-services-2","status":"publish","type":"page","link":"https:\/\/rockpark.com.tr\/index.php\/our-services-2\/","title":{"rendered":"Sipari\u015f Takip"},"content":{"rendered":"<div class=\"vc_row wpb_row vc_row-fluid\"><div class=\"wpb_column vc_column_container vc_col-sm-12\"><div class=\"wpb_wrapper\">  \n    <div class=\"cg-strip cg-strip-wrap fade-in animate\" style=\"background-color:#000000!important; height:350px; \">\n      <div class=\"cg-strip-bg cg_parallax\" style=\"background-image:url(); \"data-center=\"background-position: 50% 50%;\" data-top-bottom=\"background-position: 50% 0%\" data-bottom-top=\"background-position: 50% 95%\"><\/div>\n        <div class=\"row\">\n          <div style=\"width:50%\"  class=\"cg-pos  valign-center halign-center animate\" data-animate=\"fadeInDown\">\n            <div class=\"cg-strip-content cg-strip-34874226 light text-align-center\"data-center-bottom=\"opacity: 1\" data--150-top=\"opacity: 0\" data-anchor-target=\".cg-strip-34874226\"><\/p>\n<h1 style=\"text-align: center;\">S\u0130PAR\u0130\u015e TAK\u0130P<\/h1>\n<p><\/div>\n          <\/div>\n        <\/div>\n    <\/div>\n  <\/div><\/div><\/div><div class=\"vc_row wpb_row vc_row-fluid vc_custom_1413035357045\"><div class=\"wpb_column vc_column_container vc_col-sm-12\"><div class=\"wpb_wrapper\">\n\t<div class=\"wpb_text_column wpb_content_element \">\n\t\t<div class=\"wpb_wrapper\">\n\t\t\t<div class=\"woocommerce\">\n<form action=\"https:\/\/rockpark.com.tr\/index.php\/our-services-2\/\" method=\"post\" class=\"track_order\">\n\n\t<p>Sipari\u015finizi takip etmek i\u00e7in l\u00fctfen a\u015fa\u011f\u0131daki kutuya sipari\u015f numaran\u0131z\u0131 girin ve Takip Et butonuna t\u0131klay\u0131n. Size g\u00f6nderilen sipari\u015f onay e-postas\u0131nda sipari\u015f numaran\u0131z\u0131 bulabilirsiniz.<\/p>\n\n\t<p class=\"form-row form-row-first\"><label for=\"orderid\">Sipari\u015f Numaras\u0131<\/label> <input class=\"input-text\" type=\"text\" name=\"orderid\" id=\"orderid\" value=\"\" placeholder=\"Sipari\u015f onay e-postas\u0131nda bulunur.\" \/><\/p>\t<p class=\"form-row form-row-last\"><label for=\"order_email\">Fatura e-posta adresi<\/label> <input class=\"input-text\" type=\"text\" name=\"order_email\" id=\"order_email\" value=\"\" placeholder=\"\u00d6deme s\u0131ras\u0131nda kullanm\u0131\u015f oldu\u011funuz e-posta adresi.\" \/><\/p>\t<div class=\"clear\"><\/div>\n\n\t<p class=\"form-row\"><button type=\"submit\" class=\"button\" name=\"track\" value=\"Takip Et\">Takip Et<\/button><\/p>\n\t<input type=\"hidden\" id=\"_wpnonce\" name=\"_wpnonce\" value=\"79674af378\" \/><input type=\"hidden\" name=\"_wp_http_referer\" value=\"\/index.php\/wp-json\/wp\/v2\/pages\/66631\" \/>\n<\/form>\n<\/div>\n\n\t\t<\/div> \n\t<\/div> <\/div><\/div><\/div><div class=\"vc_row wpb_row vc_row-fluid\"><div class=\"wpb_column vc_column_container vc_col-sm-12\"><div class=\"wpb_wrapper\">        \n\t<script type=\"text\/javascript\">\n\n\tjQuery(document).ready(function($) {\n\n\t\t$(\"#owlslider_1513739206\").owlCarousel({\n\t\t\tautoPlay: 4000, \n\t\t\titems : 5,\n\t\t\tpagination : false,\n\t\t\tstopOnHover : true,\n\t\t\titemsDesktop : [1199,4],\n\t\t\titemsDesktopSmall : [979,3]\n\t\t}); \n\t});\n\n\t<\/script>\n\n<div class=\"cg-logos\">\n\t<div class=\"row\">\n\t\t<div id=\"owlslider_1513739206\" class=\"owl-carousel\">\n\t\t\t\t\t\t\t\n\t\t\t\t\n\t\t\t\t<div class=\"item\">\n\t\t\t\t\t<a href=\"https:\/\/api.whatsapp.com\/send?phone=905422142724\">\n\t\t\t\t\t\t<img decoding=\"async\" alt=\"logo\" src=\"https:\/\/rockpark.com.tr\/wp-content\/uploads\/whatsapp.jpg\">\n\t\t\t\t\t<\/a>\n\t\t\t\t<\/div>\n\n\t\t\t\n\t\t\t\t\n\t\t\t\t<div class=\"item\">\n\t\t\t\t\t<a href=\"https:\/\/www.instagram.com\/rockparkofficial\/\">\n\t\t\t\t\t\t<img decoding=\"async\" alt=\"logo\" src=\"https:\/\/rockpark.com.tr\/wp-content\/uploads\/instagram.jpg\">\n\t\t\t\t\t<\/a>\n\t\t\t\t<\/div>\n\n\t\t\t\t\t\t\n\t\t\t\n\t\t<\/div>\n\t<\/div>\n<\/div>\n\n<\/div><\/div><\/div>\n","protected":false},"excerpt":{"rendered":"","protected":false},"author":1,"featured_media":0,"parent":0,"menu_order":0,"comment_status":"open","ping_status":"closed","template":"page-full-width.php","meta":{"footnotes":""},"class_list":["post-66631","page","type-page","status-publish","hentry"],"_links":{"self":[{"href":"https:\/\/rockpark.com.tr\/index.php\/wp-json\/wp\/v2\/pages\/66631","targetHints":{"allow":["GET"]}}],"collection":[{"href":"https:\/\/rockpark.com.tr\/index.php\/wp-json\/wp\/v2\/pages"}],"about":[{"href":"https:\/\/rockpark.com.tr\/index.php\/wp-json\/wp\/v2\/types\/page"}],"author":[{"embeddable":true,"href":"https:\/\/rockpark.com.tr\/index.php\/wp-json\/wp\/v2\/users\/1"}],"replies":[{"embeddable":true,"href":"https:\/\/rockpark.com.tr\/index.php\/wp-json\/wp\/v2\/comments?post=66631"}],"version-history":[{"count":3,"href":"https:\/\/rockpark.com.tr\/index.php\/wp-json\/wp\/v2\/pages\/66631\/revisions"}],"predecessor-version":[{"id":66642,"href":"https:\/\/rockpark.com.tr\/index.php\/wp-json\/wp\/v2\/pages\/66631\/revisions\/66642"}],"wp:attachment":[{"href":"https:\/\/rockpark.com.tr\/index.php\/wp-json\/wp\/v2\/media?parent=66631"}],"curies":[{"name":"wp","href":"https:\/\/api.w.org\/{rel}","templated":true}]}}