{"id":66318,"date":"2014-10-20T21:39:50","date_gmt":"2014-10-20T21:39:50","guid":{"rendered":"http:\/\/adrenalindata.commercegurus.com\/?page_id=66318"},"modified":"2025-01-02T17:12:58","modified_gmt":"2025-01-02T14:12:58","slug":"videos","status":"publish","type":"page","link":"https:\/\/rockpark.com.tr\/index.php\/videos\/","title":{"rendered":"Gizlilik Politikas\u0131"},"content":{"rendered":"<div class=\"vc_row wpb_row vc_row-fluid\"><div class=\"wpb_column vc_column_container vc_col-sm-12\"><div class=\"wpb_wrapper\">  \n    <div class=\"cg-strip cg-strip-wrap fade-in animate\" style=\"background-color:#000000!important; height:320px; \">\n      <div class=\"cg-strip-bg cg_parallax\" style=\"background-image:url(); \"data-center=\"background-position: 50% 50%;\" data-top-bottom=\"background-position: 50% 0%\" data-bottom-top=\"background-position: 50% 95%\"><\/div>\n        <div class=\"row\">\n          <div style=\"width:50%\"  class=\"cg-pos  valign-center halign-center animate\" data-animate=\"fadeInDown\">\n            <div class=\"cg-strip-content cg-strip-1773154857 light text-align-center\"data-center-bottom=\"opacity: 1\" data--150-top=\"opacity: 0\" data-anchor-target=\".cg-strip-1773154857\"><\/p>\n<h1>Gizlilik Politikas\u0131<\/h1>\n<p><\/div>\n          <\/div>\n        <\/div>\n    <\/div>\n  <\/div><\/div><\/div><div class=\"vc_row wpb_row vc_row-fluid\"><div class=\"wpb_column vc_column_container vc_col-sm-12\"><div class=\"wpb_wrapper\">\n\t<div class=\"wpb_text_column wpb_content_element \">\n\t\t<div class=\"wpb_wrapper\">\n\t\t\t<p>\nKi\u015fisel bilgileriniz (ad, rumuz, e-posta adresi, posta adresi, kredi kart\u0131 bilgileri, sat\u0131n ald\u0131klar\u0131n\u0131z vb.) kesinlikle ba\u015fka ki\u015fi ve kurulu\u015flara verilmez ve sadece rockpark.com.tr\u2019den azami fayday\u0131 sa\u011flaman\u0131z amac\u0131yla kullan\u0131l\u0131r. Bilgileriniz \u00fcr\u00fcn veritaban\u0131n\u0131n korundu\u011fu sistemle korunmaktad\u0131r.<br \/>\n\u00dcye olurken verdi\u011finiz t\u00fcm bilgilere sadece siz ula\u015fabilir ve siz de\u011fi\u015ftirebilirsiniz. Ba\u015fka birinin sizinle ilgili bilgilere ula\u015fmas\u0131 ve bunlar\u0131 de\u011fi\u015ftirmesi m\u00fcmk\u00fcn de\u011fildir.<\/p>\n<p>\u0130stedi\u011finiz zaman \u00fcyelikten istifa edebilirsiniz.<\/p>\n<p>\u00dcyelikten istifa edenlerin bilgileri silinir, nofelcosmetic.com taraf\u0131ndan kullan\u0131lmaz.<\/p>\n<p>rockpark.com.tr\u2019nin yapt\u0131\u011f\u0131 duyuru e-postalar\u0131n\u0131 almak istemiyorsan\u0131z mail ayarlar\u0131n\u0131z\u0131 de\u011fi\u015ftirebilirsiniz. Bu de\u011fi\u015fiklik sonras\u0131nda nofelcosmetic size duyuru e-postas\u0131 g\u00f6ndermeyecektir. Ancak, bu d\u00fczenleme sonras\u0131nda, rockpark.com.tr\u2019nin d\u00fczenledi\u011fi kampanyalardan haberdar olamayaca\u011f\u0131n\u0131z\u0131 bilmenizi isteriz.<\/p>\n<p>Rock Park<\/p>\n<p>Balbey Mh. 403 Sk. No:3\/E, 07040 Muratpa\u015fa \/ ANTALYA<\/p>\n<p>+905422142727<\/p>\n\n\t\t<\/div> \n\t<\/div> <div class=\"vc_separator wpb_content_element vc_separator_align_center vc_sep_width_100 vc_sep_pos_align_center vc_separator_no_text vc_sep_color_#e2e2e2\"><span\n\t\tclass=\"vc_sep_holder vc_sep_holder_l\"><span\t\t\tclass=\"vc_sep_line\"><\/span><\/span><span\n\t\tclass=\"vc_sep_holder vc_sep_holder_r\"><span class=\"vc_sep_line\"><\/span><\/span>\n\t<\/div>\n<\/div><\/div><\/div>\n","protected":false},"excerpt":{"rendered":"Gizlilik Politikas\u0131 Ki\u015fisel bilgileriniz (ad, rumuz, e-posta adresi, posta adresi, kredi kart\u0131 bilgileri, sat\u0131n ald\u0131klar\u0131n\u0131z vb.) kesinlikle ba\u015fka ki\u015fi ve kurulu\u015flara verilmez ve sadece rockpark.com.tr\u2019den azami fayday\u0131 sa\u011flaman\u0131z amac\u0131yla kullan\u0131l\u0131r. Bilgileriniz \u00fcr\u00fcn veritaban\u0131n\u0131n korundu\u011fu sistemle korunmaktad\u0131r. \u00dcye olurken verdi\u011finiz t\u00fcm bilgilere sadece siz ula\u015fabilir ve siz de\u011fi\u015ftirebilirsiniz. Ba\u015fka birinin sizinle ilgili bilgilere ula\u015fmas\u0131 ve bunlar\u0131&hellip;","protected":false},"author":1,"featured_media":0,"parent":0,"menu_order":0,"comment_status":"open","ping_status":"closed","template":"page-full-width.php","meta":{"footnotes":""},"class_list":["post-66318","page","type-page","status-publish","hentry"],"_links":{"self":[{"href":"https:\/\/rockpark.com.tr\/index.php\/wp-json\/wp\/v2\/pages\/66318","targetHints":{"allow":["GET"]}}],"collection":[{"href":"https:\/\/rockpark.com.tr\/index.php\/wp-json\/wp\/v2\/pages"}],"about":[{"href":"https:\/\/rockpark.com.tr\/index.php\/wp-json\/wp\/v2\/types\/page"}],"author":[{"embeddable":true,"href":"https:\/\/rockpark.com.tr\/index.php\/wp-json\/wp\/v2\/users\/1"}],"replies":[{"embeddable":true,"href":"https:\/\/rockpark.com.tr\/index.php\/wp-json\/wp\/v2\/comments?post=66318"}],"version-history":[{"count":2,"href":"https:\/\/rockpark.com.tr\/index.php\/wp-json\/wp\/v2\/pages\/66318\/revisions"}],"predecessor-version":[{"id":70625,"href":"https:\/\/rockpark.com.tr\/index.php\/wp-json\/wp\/v2\/pages\/66318\/revisions\/70625"}],"wp:attachment":[{"href":"https:\/\/rockpark.com.tr\/index.php\/wp-json\/wp\/v2\/media?parent=66318"}],"curies":[{"name":"wp","href":"https:\/\/api.w.org\/{rel}","templated":true}]}}