{"id":6,"date":"2015-09-18T22:44:07","date_gmt":"2015-09-18T19:44:07","guid":{"rendered":"http:\/\/rockpark.com.tr\/index.php\/istek-listem\/"},"modified":"2015-09-22T01:09:01","modified_gmt":"2015-09-21T22:09:01","slug":"istek-listem","status":"publish","type":"page","link":"https:\/\/rockpark.com.tr\/index.php\/istek-listem\/","title":{"rendered":"\u0130stek Listesi"},"content":{"rendered":"<div id=\"yith-wcwl-messages\"><\/div>\n\n\n\n<form id=\"yith-wcwl-form\" action=\"https:\/\/rockpark.com.tr\/index.php\/istek-listem\/view\/\" method=\"post\" class=\"woocommerce\">\n\n    <input type=\"hidden\" id=\"yith_wcwl_form_nonce\" name=\"yith_wcwl_form_nonce\" value=\"0a712bd0cc\" \/><input type=\"hidden\" name=\"_wp_http_referer\" value=\"\/index.php\/wp-json\/wp\/v2\/pages\/6\" \/>\n    <!-- TITLE -->\n    \n    <!-- WISHLIST TABLE -->\n\t<table class=\"shop_table cart wishlist_table\" data-pagination=\"no\" data-per-page=\"5\" data-page=\"1\" data-id=\"\" data-token=\"\">\n\n\t    \n        <thead>\n        <tr>\n\t        \n\t        \t\t        <th class=\"product-remove\"><\/th>\n\t        \n            <th class=\"product-thumbnail\"><\/th>\n\n            <th class=\"product-name\">\n                <span class=\"nobr\">\u00dcr\u00fcn Ad\u0131<\/span>\n            <\/th>\n\n            \n                <th class=\"product-price\">\n                    <span class=\"nobr\">\n                        Birim Fiyat\u0131                    <\/span>\n                <\/th>\n\n            \n            \n                <th class=\"product-stock-status\">\n                    <span class=\"nobr\">\n                        Stok Durumu                    <\/span>\n                <\/th>\n\n            \n            \n                <th class=\"product-add-to-cart\"><\/th>\n\n                    <\/tr>\n        <\/thead>\n\n        <tbody>\n                    <tr>\n                <td colspan=\"6\" class=\"wishlist-empty\">\u0130stek listesinde herhangi bir \u00fcr\u00fcn bulunmuyor<\/td>\n            <\/tr>\n                <\/tbody>\n\n        <tfoot>\n        <tr>\n\t        <td colspan=\"6\">\n\t            \n\t            \n\t\t        \t        <\/td>\n        <\/tr>\n        <\/tfoot>\n\n    <\/table>\n\n    <input type=\"hidden\" id=\"yith_wcwl_edit_wishlist\" name=\"yith_wcwl_edit_wishlist\" value=\"164f59e78c\" \/><input type=\"hidden\" name=\"_wp_http_referer\" value=\"\/index.php\/wp-json\/wp\/v2\/pages\/6\" \/>\n            <input type=\"hidden\" value=\"\" name=\"wishlist_id\" id=\"wishlist_id\">\n    \n    \n<\/form>\n\n\n\n","protected":false},"excerpt":{"rendered":"\u00dcr\u00fcn Ad\u0131 Birim Fiyat\u0131 Stok Durumu \u0130stek listesinde herhangi bir \u00fcr\u00fcn bulunmuyor","protected":false},"author":1,"featured_media":0,"parent":0,"menu_order":0,"comment_status":"closed","ping_status":"closed","template":"page-woocommerce-fullwidth.php","meta":{"footnotes":""},"class_list":["post-6","page","type-page","status-publish","hentry"],"_links":{"self":[{"href":"https:\/\/rockpark.com.tr\/index.php\/wp-json\/wp\/v2\/pages\/6","targetHints":{"allow":["GET"]}}],"collection":[{"href":"https:\/\/rockpark.com.tr\/index.php\/wp-json\/wp\/v2\/pages"}],"about":[{"href":"https:\/\/rockpark.com.tr\/index.php\/wp-json\/wp\/v2\/types\/page"}],"author":[{"embeddable":true,"href":"https:\/\/rockpark.com.tr\/index.php\/wp-json\/wp\/v2\/users\/1"}],"replies":[{"embeddable":true,"href":"https:\/\/rockpark.com.tr\/index.php\/wp-json\/wp\/v2\/comments?post=6"}],"version-history":[{"count":1,"href":"https:\/\/rockpark.com.tr\/index.php\/wp-json\/wp\/v2\/pages\/6\/revisions"}],"predecessor-version":[{"id":66654,"href":"https:\/\/rockpark.com.tr\/index.php\/wp-json\/wp\/v2\/pages\/6\/revisions\/66654"}],"wp:attachment":[{"href":"https:\/\/rockpark.com.tr\/index.php\/wp-json\/wp\/v2\/media?parent=6"}],"curies":[{"name":"wp","href":"https:\/\/api.w.org\/{rel}","templated":true}]}}