{"id":1948,"date":"2014-04-02T21:08:07","date_gmt":"2014-04-02T21:08:07","guid":{"rendered":"http:\/\/captivademo.commercegurus.com\/?page_id=1948"},"modified":"2025-01-02T13:09:01","modified_gmt":"2025-01-02T10:09:01","slug":"about-us","status":"publish","type":"page","link":"https:\/\/rockpark.com.tr\/index.php\/about-us\/","title":{"rendered":"Hakk\u0131m\u0131zda"},"content":{"rendered":"<div class=\"vc_row wpb_row vc_row-fluid vc_custom_1400516960764\"><div class=\"wpb_column vc_column_container vc_col-sm-12\"><div class=\"wpb_wrapper\">  \n    <div class=\"cg-strip cg-strip-wrap fade-in animate\" style=\"background-color:#000000!important; height:350px; \">\n      <div class=\"cg-strip-bg cg_parallax\" style=\"background-image:url(); \"data-center=\"background-position: 50% 50%;\" data-top-bottom=\"background-position: 50% 0%\" data-bottom-top=\"background-position: 50% 95%\"><\/div>\n        <div class=\"row\">\n          <div style=\"width:50%\"  class=\"cg-pos  valign-center halign-center animate\" data-animate=\"fadeInDown\">\n            <div class=\"cg-strip-content cg-strip-802788086 light text-align-center\"data-center-bottom=\"opacity: 1\" data--150-top=\"opacity: 0\" data-anchor-target=\".cg-strip-802788086\"><\/p>\n<h1 style=\"text-align: center;\">HAKKIMIZDA<\/h1>\n<p><\/div>\n          <\/div>\n        <\/div>\n    <\/div>\n  <\/div><\/div><\/div><div class=\"vc_row wpb_row vc_row-fluid\"><div class=\"wpb_column vc_column_container vc_col-sm-12\"><div class=\"wpb_wrapper\">\n\t<div class=\"wpb_text_column wpb_content_element \">\n\t\t<div class=\"wpb_wrapper\">\n\t\t\t<div class=\"container\">\n<div class=\"wpb_row vc_row-fluid vc_custom_1412940700962\">\n<div class=\"vc_col-sm-12 wpb_column vc_column_container\">\n<div class=\"wpb_wrapper\">\n<div class=\"vc_separator wpb_content_element vc_separator_align_left vc_el_width_100 vc_sep_color_grey\">\n<h4>\u00a0B\u0130Z K\u0130M\u0130Z?<\/h4>\n<\/div>\n<\/div>\n<\/div>\n<\/div>\n<\/div>\n<div class=\"container\">\n<div class=\"wpb_row vc_row-fluid\">\n<div class=\"vc_col-sm-6 wpb_column vc_column_container\">\n<div class=\"wpb_wrapper\">\n<div class=\"wpb_text_column wpb_content_element \">\n<div class=\"wpb_wrapper\">\n<p>Firmam\u0131z 1998 y\u0131l\u0131nda kurulmu\u015f olup, bu zaman zarf\u0131nda \u00f6znel olarak Antalya\u2019da ilkleri yapmay\u0131 kendine hedef ve ama\u00e7 edinmi\u015ftir. Temel amac\u0131m\u0131z gen\u00e7lerin ula\u015fmakta zorluk \u00e7ekti\u011fi \u00fcr\u00fcn yelpazesini tedarik etmektir.<\/p>\n<p>Halen b\u00fcnyemizde Rock m\u00fczik gruplar\u0131n\u0131n bask\u0131l\u0131 ti\u015f\u00f6rtlerinin ve aksesuarlar\u0131n\u0131n sat\u0131\u015f\u0131 yap\u0131lmaktad\u0131r. Rap, hip hop, grafiti ile ilgili ti\u015f\u00f6rt, aksesuar ve boyalar mavcuttur. Mizah ti\u015f\u00f6rtleri, film, oyun bask\u0131l\u0131 \u00fcr\u00fcnler bulunmaktad\u0131r.<\/p>\n<p>Son be\u015f y\u0131ld\u0131r paten ve kay kay \u00fcr\u00fcnlerininde ma\u011fazam\u0131zda sat\u0131\u015f\u0131 yap\u0131lmaktad\u0131r. Bu ba\u011flamda kay kaylar\u0131 toplanm\u0131\u015f ya da par\u00e7a halinde temini m\u00fcmk\u00fcnd\u00fcr.<\/p>\n<p>\u00dcr\u00fcn yelpazemizin tamamlay\u0131c\u0131s\u0131 olan ayakkab\u0131lar\u0131m\u0131zda mevcut olup sokak sporlar\u0131na dayan\u0131kl\u0131l\u0131klar\u0131 baz al\u0131narak sat\u0131\u015f\u0131 yap\u0131lmaktad\u0131r.<\/p>\n<p>1998 den beri var olmam\u0131z\u0131 sa\u011flayan t\u00fcm m\u00fc\u015fterilerimize te\u015fekk\u00fcr ederiz.<\/p>\n<\/div>\n<\/div>\n<\/div>\n<\/div>\n<\/div>\n<\/div>\n\n\t\t<\/div> \n\t<\/div> <\/div><\/div><\/div>\n","protected":false},"excerpt":{"rendered":"HAKKIMIZDA \u00a0B\u0130Z K\u0130M\u0130Z? Firmam\u0131z 1998 y\u0131l\u0131nda kurulmu\u015f olup, bu zaman zarf\u0131nda \u00f6znel olarak Antalya\u2019da ilkleri yapmay\u0131 kendine hedef ve ama\u00e7 edinmi\u015ftir. Temel amac\u0131m\u0131z gen\u00e7lerin ula\u015fmakta zorluk \u00e7ekti\u011fi \u00fcr\u00fcn yelpazesini tedarik etmektir. Halen b\u00fcnyemizde Rock m\u00fczik gruplar\u0131n\u0131n bask\u0131l\u0131 ti\u015f\u00f6rtlerinin ve aksesuarlar\u0131n\u0131n sat\u0131\u015f\u0131 yap\u0131lmaktad\u0131r. Rap, hip hop, grafiti ile ilgili ti\u015f\u00f6rt, aksesuar ve boyalar mavcuttur. Mizah ti\u015f\u00f6rtleri,&hellip;","protected":false},"author":1,"featured_media":0,"parent":0,"menu_order":0,"comment_status":"open","ping_status":"closed","template":"page-full-width.php","meta":{"footnotes":""},"class_list":["post-1948","page","type-page","status-publish","hentry"],"_links":{"self":[{"href":"https:\/\/rockpark.com.tr\/index.php\/wp-json\/wp\/v2\/pages\/1948","targetHints":{"allow":["GET"]}}],"collection":[{"href":"https:\/\/rockpark.com.tr\/index.php\/wp-json\/wp\/v2\/pages"}],"about":[{"href":"https:\/\/rockpark.com.tr\/index.php\/wp-json\/wp\/v2\/types\/page"}],"author":[{"embeddable":true,"href":"https:\/\/rockpark.com.tr\/index.php\/wp-json\/wp\/v2\/users\/1"}],"replies":[{"embeddable":true,"href":"https:\/\/rockpark.com.tr\/index.php\/wp-json\/wp\/v2\/comments?post=1948"}],"version-history":[{"count":5,"href":"https:\/\/rockpark.com.tr\/index.php\/wp-json\/wp\/v2\/pages\/1948\/revisions"}],"predecessor-version":[{"id":70622,"href":"https:\/\/rockpark.com.tr\/index.php\/wp-json\/wp\/v2\/pages\/1948\/revisions\/70622"}],"wp:attachment":[{"href":"https:\/\/rockpark.com.tr\/index.php\/wp-json\/wp\/v2\/media?parent=1948"}],"curies":[{"name":"wp","href":"https:\/\/api.w.org\/{rel}","templated":true}]}}