{"id":1353,"date":"2013-11-19T00:18:05","date_gmt":"2013-11-19T00:18:05","guid":{"rendered":"http:\/\/captivademo.commercegurus.com\/?page_id=1353"},"modified":"2015-09-21T00:22:28","modified_gmt":"2015-09-20T21:22:28","slug":"product-categories","status":"publish","type":"page","link":"https:\/\/rockpark.com.tr\/index.php\/product-categories\/","title":{"rendered":"KATEGOR\u0130LER"},"content":{"rendered":"<div class=\"vc_row wpb_row vc_row-fluid vc_custom_1413302581727\"><div class=\"wpb_column vc_column_container vc_col-sm-12\"><div class=\"wpb_wrapper\">\n\t<div class=\"wpb_text_column wpb_content_element \">\n\t\t<div class=\"wpb_wrapper\">\n\t\t\t<h2 style=\"text-align: center;\">\u00dcR\u00dcNLER\u0130M\u0130ZE G\u00d6ZATIN<\/h2>\n\n\t\t<\/div> \n\t<\/div> <div class=\"vc_separator wpb_content_element vc_separator_align_center vc_sep_width_100 vc_sep_pos_align_center vc_separator_no_text vc_sep_color_#e2e2e2\"><span\n\t\tclass=\"vc_sep_holder vc_sep_holder_l\"><span\t\t\tclass=\"vc_sep_line\"><\/span><\/span><span\n\t\tclass=\"vc_sep_holder vc_sep_holder_r\"><span class=\"vc_sep_line\"><\/span><\/span>\n\t<\/div>\n<\/div><\/div><\/div><div class=\"vc_row wpb_row vc_row-fluid\"><div class=\"wpb_column vc_column_container vc_col-sm-12\"><div class=\"wpb_wrapper\">\n\t<div class=\"wpb_text_column wpb_content_element  wpb_animate_when_almost_visible wpb_bottom-to-top\">\n\t\t<div class=\"wpb_wrapper\">\n\t\t\t<div class=\"woocommerce columns-5\"><ul class=\"products columns-5\">\n<li class=\"product-category product first\">\n\t<a href=\"https:\/\/rockpark.com.tr\/index.php\/urun-kategori\/genel\/\"><img loading=\"lazy\" decoding=\"async\" src=\"https:\/\/rockpark.com.tr\/wp-content\/plugins\/woocommerce\/assets\/images\/placeholder.png\" alt=\"Genel\" width=\"220\" height=\"330\" \/>\t\t<h2 class=\"woocommerce-loop-category__title\">\n\t\t\tGenel <mark class=\"count\">(4)<\/mark>\t\t<\/h2>\n\t\t<\/a><\/li>\n<li class=\"product-category product\">\n\t<a href=\"https:\/\/rockpark.com.tr\/index.php\/urun-kategori\/aksesuar\/\"><img loading=\"lazy\" decoding=\"async\" src=\"https:\/\/rockpark.com.tr\/wp-content\/plugins\/woocommerce\/assets\/images\/placeholder.png\" alt=\"Aksesuar\" width=\"220\" height=\"330\" \/>\t\t<h2 class=\"woocommerce-loop-category__title\">\n\t\t\tAksesuar <mark class=\"count\">(20)<\/mark>\t\t<\/h2>\n\t\t<\/a><\/li>\n<li class=\"product-category product\">\n\t<a href=\"https:\/\/rockpark.com.tr\/index.php\/urun-kategori\/aksesuar\/canta\/\"><img loading=\"lazy\" decoding=\"async\" src=\"https:\/\/rockpark.com.tr\/wp-content\/plugins\/woocommerce\/assets\/images\/placeholder.png\" alt=\"\u00c7anta\" width=\"220\" height=\"330\" \/>\t\t<h2 class=\"woocommerce-loop-category__title\">\n\t\t\t\u00c7anta <mark class=\"count\">(3)<\/mark>\t\t<\/h2>\n\t\t<\/a><\/li>\n<li class=\"product-category product\">\n\t<a href=\"https:\/\/rockpark.com.tr\/index.php\/urun-kategori\/kaykay\/complete-kaykay\/\"><img loading=\"lazy\" decoding=\"async\" src=\"https:\/\/rockpark.com.tr\/wp-content\/plugins\/woocommerce\/assets\/images\/placeholder.png\" alt=\"Complete Kaykay\" width=\"220\" height=\"330\" \/>\t\t<h2 class=\"woocommerce-loop-category__title\">\n\t\t\tComplete Kaykay <mark class=\"count\">(6)<\/mark>\t\t<\/h2>\n\t\t<\/a><\/li>\n<li class=\"product-category product last\">\n\t<a href=\"https:\/\/rockpark.com.tr\/index.php\/urun-kategori\/kaykay\/deck\/\"><img loading=\"lazy\" decoding=\"async\" src=\"https:\/\/rockpark.com.tr\/wp-content\/plugins\/woocommerce\/assets\/images\/placeholder.png\" alt=\"Deck\" width=\"220\" height=\"330\" \/>\t\t<h2 class=\"woocommerce-loop-category__title\">\n\t\t\tDeck <mark class=\"count\">(17)<\/mark>\t\t<\/h2>\n\t\t<\/a><\/li>\n<li class=\"product-category product first\">\n\t<a href=\"https:\/\/rockpark.com.tr\/index.php\/urun-kategori\/giyim\/\"><img loading=\"lazy\" decoding=\"async\" src=\"https:\/\/rockpark.com.tr\/wp-content\/plugins\/woocommerce\/assets\/images\/placeholder.png\" alt=\"Giyim\" width=\"220\" height=\"330\" \/>\t\t<h2 class=\"woocommerce-loop-category__title\">\n\t\t\tGiyim <mark class=\"count\">(264)<\/mark>\t\t<\/h2>\n\t\t<\/a><\/li>\n<li class=\"product-category product\">\n\t<a href=\"https:\/\/rockpark.com.tr\/index.php\/urun-kategori\/giyim\/tshirt\/hiphop\/\"><img loading=\"lazy\" decoding=\"async\" src=\"https:\/\/rockpark.com.tr\/wp-content\/plugins\/woocommerce\/assets\/images\/placeholder.png\" alt=\"Hip hop\" width=\"220\" height=\"330\" \/>\t\t<h2 class=\"woocommerce-loop-category__title\">\n\t\t\tHip hop <mark class=\"count\">(12)<\/mark>\t\t<\/h2>\n\t\t<\/a><\/li>\n<li class=\"product-category product\">\n\t<a href=\"https:\/\/rockpark.com.tr\/index.php\/urun-kategori\/kaykay\/\"><img loading=\"lazy\" decoding=\"async\" src=\"https:\/\/rockpark.com.tr\/wp-content\/plugins\/woocommerce\/assets\/images\/placeholder.png\" alt=\"Kaykay\" width=\"220\" height=\"330\" \/>\t\t<h2 class=\"woocommerce-loop-category__title\">\n\t\t\tKaykay <mark class=\"count\">(46)<\/mark>\t\t<\/h2>\n\t\t<\/a><\/li>\n<li class=\"product-category product\">\n\t<a href=\"https:\/\/rockpark.com.tr\/index.php\/urun-kategori\/kaykay\/kaykay-tekerlekleri\/\"><img loading=\"lazy\" decoding=\"async\" src=\"https:\/\/rockpark.com.tr\/wp-content\/plugins\/woocommerce\/assets\/images\/placeholder.png\" alt=\"Kaykay Tekerlekleri\" width=\"220\" height=\"330\" \/>\t\t<h2 class=\"woocommerce-loop-category__title\">\n\t\t\tKaykay Tekerlekleri <mark class=\"count\">(2)<\/mark>\t\t<\/h2>\n\t\t<\/a><\/li>\n<li class=\"product-category product last\">\n\t<a href=\"https:\/\/rockpark.com.tr\/index.php\/urun-kategori\/giyim\/tshirt\/mizah\/\"><img loading=\"lazy\" decoding=\"async\" src=\"https:\/\/rockpark.com.tr\/wp-content\/plugins\/woocommerce\/assets\/images\/placeholder.png\" alt=\"Mizah\" width=\"220\" height=\"330\" \/>\t\t<h2 class=\"woocommerce-loop-category__title\">\n\t\t\tMizah <mark class=\"count\">(8)<\/mark>\t\t<\/h2>\n\t\t<\/a><\/li>\n<li class=\"product-category product first\">\n\t<a href=\"https:\/\/rockpark.com.tr\/index.php\/urun-kategori\/paten\/\"><img loading=\"lazy\" decoding=\"async\" src=\"https:\/\/rockpark.com.tr\/wp-content\/plugins\/woocommerce\/assets\/images\/placeholder.png\" alt=\"Paten\" width=\"220\" height=\"330\" \/>\t\t<h2 class=\"woocommerce-loop-category__title\">\n\t\t\tPaten <mark class=\"count\">(17)<\/mark>\t\t<\/h2>\n\t\t<\/a><\/li>\n<li class=\"product-category product\">\n\t<a href=\"https:\/\/rockpark.com.tr\/index.php\/urun-kategori\/giyim\/tshirt\/rock\/\"><img loading=\"lazy\" decoding=\"async\" src=\"https:\/\/rockpark.com.tr\/wp-content\/plugins\/woocommerce\/assets\/images\/placeholder.png\" alt=\"Rock\" width=\"220\" height=\"330\" \/>\t\t<h2 class=\"woocommerce-loop-category__title\">\n\t\t\tRock <mark class=\"count\">(228)<\/mark>\t\t<\/h2>\n\t\t<\/a><\/li>\n<\/ul>\n<\/div>\n\n\t\t<\/div> \n\t<\/div> <\/div><\/div><\/div>\n","protected":false},"excerpt":{"rendered":"\u00dcR\u00dcNLER\u0130M\u0130ZE G\u00d6ZATIN Genel (4) Aksesuar (20) \u00c7anta (3) Complete Kaykay (6) Deck (17) Giyim (264) Hip hop (12) Kaykay (46) Kaykay Tekerlekleri (2) Mizah (8) Paten (17) Rock (228)","protected":false},"author":1,"featured_media":0,"parent":0,"menu_order":0,"comment_status":"open","ping_status":"closed","template":"page-full-width.php","meta":{"footnotes":""},"class_list":["post-1353","page","type-page","status-publish","hentry"],"_links":{"self":[{"href":"https:\/\/rockpark.com.tr\/index.php\/wp-json\/wp\/v2\/pages\/1353","targetHints":{"allow":["GET"]}}],"collection":[{"href":"https:\/\/rockpark.com.tr\/index.php\/wp-json\/wp\/v2\/pages"}],"about":[{"href":"https:\/\/rockpark.com.tr\/index.php\/wp-json\/wp\/v2\/types\/page"}],"author":[{"embeddable":true,"href":"https:\/\/rockpark.com.tr\/index.php\/wp-json\/wp\/v2\/users\/1"}],"replies":[{"embeddable":true,"href":"https:\/\/rockpark.com.tr\/index.php\/wp-json\/wp\/v2\/comments?post=1353"}],"version-history":[{"count":1,"href":"https:\/\/rockpark.com.tr\/index.php\/wp-json\/wp\/v2\/pages\/1353\/revisions"}],"predecessor-version":[{"id":66607,"href":"https:\/\/rockpark.com.tr\/index.php\/wp-json\/wp\/v2\/pages\/1353\/revisions\/66607"}],"wp:attachment":[{"href":"https:\/\/rockpark.com.tr\/index.php\/wp-json\/wp\/v2\/media?parent=1353"}],"curies":[{"name":"wp","href":"https:\/\/api.w.org\/{rel}","templated":true}]}}